{"id":125,"date":"2022-07-28T12:46:45","date_gmt":"2022-07-28T10:46:45","guid":{"rendered":"https:\/\/kwforester.kinsta.cloud\/?page_id=125"},"modified":"2022-12-01T10:07:30","modified_gmt":"2022-12-01T09:07:30","slug":"consultanta-juridica-si-in-dreptul-muncii","status":"publish","type":"page","link":"https:\/\/www.kwforester.ro\/ro\/consultanta-juridica-si-in-dreptul-muncii\/","title":{"rendered":"Consultan\u0163\u0103 juridic\u0103 \u015fi \u00een dreptul muncii"},"content":{"rendered":"<p><div class=\"fusion-fullwidth fullwidth-box fusion-builder-row-1 fusion-flex-container nonhundred-percent-fullwidth non-hundred-percent-height-scrolling\" style=\"--awb-border-radius-top-left:0px;--awb-border-radius-top-right:0px;--awb-border-radius-bottom-right:0px;--awb-border-radius-bottom-left:0px;--awb-padding-top:2%;--awb-padding-bottom:2%;--awb-margin-bottom:2%;--awb-background-color:var(--awb-color2);\" ><div class=\"fusion-builder-row fusion-row fusion-flex-align-items-flex-start\" style=\"max-width:1248px;margin-left: calc(-4% \/ 2 );margin-right: calc(-4% \/ 2 );\"><div class=\"fusion-layout-column fusion_builder_column fusion-builder-column-0 fusion_builder_column_1_5 1_5 fusion-flex-column fusion-flex-align-self-center centoa900 icoservizio\" style=\"--awb-bg-size:cover;--awb-width-large:20%;--awb-margin-top-large:0px;--awb-spacing-right-large:9.6%;--awb-margin-bottom-large:20px;--awb-spacing-left-large:9.6%;--awb-width-medium:20%;--awb-order-medium:0;--awb-spacing-right-medium:9.6%;--awb-spacing-left-medium:9.6%;--awb-width-small:100%;--awb-order-small:0;--awb-spacing-right-small:1.92%;--awb-spacing-left-small:1.92%;\"><div class=\"fusion-column-wrapper fusion-column-has-shadow fusion-flex-justify-content-center fusion-content-layout-column\"><div class=\"fusion-image-element \" style=\"--awb-caption-title-font-family:var(--h2_typography-font-family);--awb-caption-title-font-weight:var(--h2_typography-font-weight);--awb-caption-title-font-style:var(--h2_typography-font-style);--awb-caption-title-size:var(--h2_typography-font-size);--awb-caption-title-transform:var(--h2_typography-text-transform);--awb-caption-title-line-height:var(--h2_typography-line-height);--awb-caption-title-letter-spacing:var(--h2_typography-letter-spacing);\"><span class=\" fusion-imageframe imageframe-none imageframe-1 hover-type-none\" class=\"image-magnify\" class=\"image-scroll\"><img decoding=\"async\" width=\"600\" height=\"600\" title=\"consulenza-giuslavoristica\" src=\"http:\/\/www.kwforester.ro\/wp-content\/uploads\/2022\/09\/consulenza-giuslavoristica.png\" alt class=\"img-responsive wp-image-524\" srcset=\"https:\/\/www.kwforester.ro\/wp-content\/uploads\/2022\/09\/consulenza-giuslavoristica-200x200.png 200w, https:\/\/www.kwforester.ro\/wp-content\/uploads\/2022\/09\/consulenza-giuslavoristica-400x400.png 400w, https:\/\/www.kwforester.ro\/wp-content\/uploads\/2022\/09\/consulenza-giuslavoristica.png 600w\" sizes=\"(max-width: 640px) 100vw, 200px\" \/><\/span><\/div><\/div><\/div><div class=\"fusion-layout-column fusion_builder_column fusion-builder-column-1 fusion_builder_column_4_5 4_5 fusion-flex-column fusion-flex-align-self-center centoa900 \" style=\"--awb-bg-size:cover;--awb-width-large:80%;--awb-margin-top-large:0px;--awb-spacing-right-large:2.4%;--awb-margin-bottom-large:0px;--awb-spacing-left-large:2.4%;--awb-width-medium:80%;--awb-order-medium:0;--awb-spacing-right-medium:2.4%;--awb-spacing-left-medium:2.4%;--awb-width-small:100%;--awb-order-small:0;--awb-spacing-right-small:1.92%;--awb-spacing-left-small:1.92%;\"><div class=\"fusion-column-wrapper fusion-column-has-shadow fusion-flex-justify-content-center fusion-content-layout-column\"><div class=\"fusion-title title fusion-title-1 fusion-sep-none fusion-title-text fusion-title-size-one\" style=\"--awb-text-color:var(--awb-color4);--awb-margin-top:0px;--awb-margin-bottom:0px;--awb-font-size:30px;\"><h1 class=\"title-heading-left\" style=\"margin:0;font-size:1em;\">CONSULTAN\u0162\u0102 JURIDIC\u0102 \u015eI \u00ceN DREPTUL MUNCII<\/h1><\/div><div class=\"fusion-text fusion-text-1\"><p>Serviciul are scopul de a identifica cele mai bune solu\u0163ii pentru rezolvarea problemelor legate de managementul resurselor umane \u00een cadrul societ\u0103\u0163ilor comerciale.<\/p>\n<ul class=\"elencospunte check04\">\n<li>Asisten\u0163\u0103 proceduri fiscale pentru deta\u015fatii \u00een Rom\u00e2nia<\/li>\n<li>Elaborarea contractelor colective \u015fi\/sau individuale de munc\u0103<\/li>\n<li>Negocieri sindicale contracte colective de munc\u0103<\/li>\n<\/ul>\n<\/div><\/div><\/div><\/div><\/div><div class=\"fusion-fullwidth fullwidth-box fusion-builder-row-2 fusion-flex-container news_seo nonhundred-percent-fullwidth non-hundred-percent-height-scrolling\" style=\"--awb-border-radius-top-left:0px;--awb-border-radius-top-right:0px;--awb-border-radius-bottom-right:0px;--awb-border-radius-bottom-left:0px;--awb-margin-bottom:2%;\" ><div class=\"fusion-builder-row fusion-row fusion-flex-align-items-flex-start\" style=\"max-width:1248px;margin-left: calc(-4% \/ 2 );margin-right: calc(-4% \/ 2 );\"><div class=\"fusion-layout-column fusion_builder_column fusion-builder-column-2 fusion_builder_column_1_1 1_1 fusion-flex-column\" style=\"--awb-bg-size:cover;--awb-width-large:100%;--awb-margin-top-large:0px;--awb-spacing-right-large:1.92%;--awb-margin-bottom-large:20px;--awb-spacing-left-large:1.92%;--awb-width-medium:100%;--awb-order-medium:0;--awb-spacing-right-medium:1.92%;--awb-spacing-left-medium:1.92%;--awb-width-small:100%;--awb-order-small:0;--awb-spacing-right-small:1.92%;--awb-spacing-left-small:1.92%;\"><div class=\"fusion-column-wrapper fusion-column-has-shadow fusion-flex-justify-content-flex-start fusion-content-layout-column\"><div class=\"fusion-text fusion-text-2\"><pre><img decoding=\"async\" class=\"alignright wp-image-847 size-full\" src=\"http:\/\/www.kwforester.ro\/wp-content\/uploads\/2022\/11\/consulenza-legale-romania.jpg\" alt=\"Consulenza giuslavoristica per la gestione dei lavoratori in romania\" width=\"900\" height=\"600\" srcset=\"https:\/\/www.kwforester.ro\/wp-content\/uploads\/2022\/11\/consulenza-legale-romania-200x133.jpg 200w, https:\/\/www.kwforester.ro\/wp-content\/uploads\/2022\/11\/consulenza-legale-romania-300x200.jpg 300w, https:\/\/www.kwforester.ro\/wp-content\/uploads\/2022\/11\/consulenza-legale-romania-400x267.jpg 400w, https:\/\/www.kwforester.ro\/wp-content\/uploads\/2022\/11\/consulenza-legale-romania-600x400.jpg 600w, https:\/\/www.kwforester.ro\/wp-content\/uploads\/2022\/11\/consulenza-legale-romania-768x512.jpg 768w, https:\/\/www.kwforester.ro\/wp-content\/uploads\/2022\/11\/consulenza-legale-romania-800x533.jpg 800w, https:\/\/www.kwforester.ro\/wp-content\/uploads\/2022\/11\/consulenza-legale-romania.jpg 900w\" sizes=\"(max-width: 900px) 100vw, 900px\" \/><\/pre>\n<h2><strong>Cercetarea, dezvoltarea \u0219i managementul resurselor umane<\/strong><\/h2>\n<p><strong>KWForester Srl<\/strong> este capabil\u0103 s\u0103 ofere consultan\u021b\u0103 juridic\u0103 \u0219i \u00een dreptul muncii <strong>complet\u0103<\/strong> prin rezolvarea problemelor legate de managementul \u0219i dezvoltarea <strong>resurselor umane \u00een cadrul companiei<\/strong>, \u00eentr-un context interna\u021bional \u00een continu\u0103 schimbare.<\/p>\n<p>Natura serviciului pe care \u00eel punem la dispozi\u0163ia clientului este <strong>at\u00e2t fiscal\u0103, c\u00e2t \u015fi contributiv\u0103<\/strong>, cu respectarea legisla\u0163iei \u00een vigoare na\u0163ionale \u015fi interna\u0163ionale.<\/p>\n<\/div><\/div><\/div><\/div><\/div><div class=\"fusion-fullwidth fullwidth-box fusion-builder-row-3 fusion-flex-container nonhundred-percent-fullwidth non-hundred-percent-height-scrolling\" style=\"--awb-border-radius-top-left:0px;--awb-border-radius-top-right:0px;--awb-border-radius-bottom-right:0px;--awb-border-radius-bottom-left:0px;--awb-padding-top:2%;--awb-padding-bottom:2%;--awb-margin-bottom:2%;--awb-background-color:var(--awb-color8);\" ><div class=\"fusion-builder-row fusion-row fusion-flex-align-items-flex-start\" style=\"max-width:1248px;margin-left: calc(-4% \/ 2 );margin-right: calc(-4% \/ 2 );\"><div class=\"fusion-layout-column fusion_builder_column fusion-builder-column-3 fusion_builder_column_1_2 1_2 fusion-flex-column centoa900 \" style=\"--awb-bg-size:cover;--awb-width-large:50%;--awb-margin-top-large:0px;--awb-spacing-right-large:3.84%;--awb-margin-bottom-large:20px;--awb-spacing-left-large:3.84%;--awb-width-medium:50%;--awb-order-medium:0;--awb-spacing-right-medium:3.84%;--awb-spacing-left-medium:3.84%;--awb-width-small:100%;--awb-order-small:0;--awb-spacing-right-small:1.92%;--awb-spacing-left-small:1.92%;\"><div class=\"fusion-column-wrapper fusion-column-has-shadow fusion-flex-justify-content-flex-start fusion-content-layout-column\"><div class=\"fusion-title title fusion-title-2 fusion-sep-none fusion-title-text fusion-title-size-three\" style=\"--awb-text-color:var(--awb-color4);\"><h3 class=\"title-heading-left\" style=\"margin:0;text-transform:uppercase;line-height:1.4;\"><p>Pentru <strong>persoanele fizice \u201cdeta\u015fate\u201d<\/strong><br \/>\n<strong>\u00een rom\u00e2nia<\/strong>, serviciile noastre se refer\u0103 la:<\/p><\/h3><\/div><div class=\"fusion-text fusion-text-3\"><ul>\n<li>Transferul <strong>reziden\u0163ei fiscale<\/strong> \u00een \u0163ar\u0103 \u015fi gestiunea practicilor na\u0163ionale la Organul competent (\u00eenregistrarea fiscal\u0103 \u00een Rom\u00e2nia)<\/li>\n<li>Analiza <strong>contractelor individuale<\/strong> de munc\u0103<\/li>\n<li>Realizarea <strong>declara\u0163iilor fiscale<\/strong> \u00een Rom\u00e2nia<\/li>\n<li>Asisten\u0163\u0103 \u00een <strong>practicile fiscale (na\u0163ionale \u015fi str\u0103ine)<\/strong> pentru evitarea dublei impuneri<\/li>\n<li>Gestiunea <strong>aspectelor legate de contribu\u0163ia la asigur\u0103rile sociale<\/strong> \u015fi la cele de s\u0103n\u0103tate (ob\u0163inerea certificatului contributiv rom\u00e2nesc, ob\u0163inerea cardului de s\u0103n\u0103tate rom\u00e2nesc, identificarea solu\u0163iilor pentru garantarea unei asigur\u0103ri complete, etc)<\/li>\n<li>Mutarea <strong>reziden\u0163ei fiscale<\/strong> \u00een \u0163ara de origine \u015fi realizarea <strong>practicii de \u00eenchidere a pozi\u0163iei fiscale<\/strong> \u00een Rom\u00e2nia<\/li>\n<li>Alte <strong>servicii personalizate<\/strong><\/li>\n<\/ul>\n<\/div><\/div><\/div><div class=\"fusion-layout-column fusion_builder_column fusion-builder-column-4 fusion_builder_column_1_2 1_2 fusion-flex-column centoa900 \" style=\"--awb-bg-size:cover;--awb-width-large:50%;--awb-margin-top-large:0px;--awb-spacing-right-large:3.84%;--awb-margin-bottom-large:20px;--awb-spacing-left-large:3.84%;--awb-width-medium:50%;--awb-order-medium:0;--awb-spacing-right-medium:3.84%;--awb-spacing-left-medium:3.84%;--awb-width-small:100%;--awb-order-small:0;--awb-spacing-right-small:1.92%;--awb-spacing-left-small:1.92%;\"><div class=\"fusion-column-wrapper fusion-column-has-shadow fusion-flex-justify-content-flex-start fusion-content-layout-column\"><div class=\"fusion-title title fusion-title-3 fusion-sep-none fusion-title-text fusion-title-size-three\" style=\"--awb-text-color:var(--awb-color4);\"><h3 class=\"title-heading-left\" style=\"margin:0;text-transform:uppercase;line-height:1.4;\">Pentru <strong>persoanele juridice<\/strong>,<br \/>\nserviciile pe care le punem la dispozi\u0163ie sunt:<\/h3><\/div><div class=\"fusion-text fusion-text-4\"><ul>\n<li>Elaborarea \u015fi\/sau revizuirea <strong>Contractelor Colective<\/strong> de Munc\u0103 \u015fi a Regulamentelor Interne care reflect\u0103 nevoile companiei aliniate la codul muncii rom\u00e2nesc<\/li>\n<li>Implementarea <strong>procedurilor de lucru<\/strong> \u00een domeniul resurselor umane<\/li>\n<li><strong>Negocieri sindicale<\/strong> (Contracte colective, programe personalizate de lucru, etc)<\/li>\n<li>Asisten\u0163\u0103 la <strong>concedierile colective<\/strong><\/li>\n<li>Gestiunea <strong>practicilor de deta\u015fare<\/strong> a personalului str\u0103in \u00een Rom\u00e2nia<\/li>\n<li>Consultan\u0163\u0103 <strong>legal\u0103<\/strong><\/li>\n<li>Consultan\u0163\u0103 \u015fi asisten\u0163\u0103 \u00een rela\u0163ia cu <strong>organismele publice<\/strong><\/li>\n<\/ul>\n<\/div><\/div><\/div><\/div><\/div><div class=\"fusion-fullwidth fullwidth-box fusion-builder-row-4 fusion-flex-container nonhundred-percent-fullwidth non-hundred-percent-height-scrolling\" style=\"--awb-border-radius-top-left:0px;--awb-border-radius-top-right:0px;--awb-border-radius-bottom-right:0px;--awb-border-radius-bottom-left:0px;\" ><div class=\"fusion-builder-row fusion-row fusion-flex-align-items-flex-start fusion-flex-justify-content-center\" style=\"max-width:1248px;margin-left: calc(-4% \/ 2 );margin-right: calc(-4% \/ 2 );\"><div class=\"fusion-layout-column fusion_builder_column fusion-builder-column-5 fusion_builder_column_3_4 3_4 fusion-flex-column\" style=\"--awb-bg-size:cover;--awb-width-large:75%;--awb-margin-top-large:0px;--awb-spacing-right-large:2.56%;--awb-margin-bottom-large:20px;--awb-spacing-left-large:2.56%;--awb-width-medium:75%;--awb-order-medium:0;--awb-spacing-right-medium:2.56%;--awb-spacing-left-medium:2.56%;--awb-width-small:100%;--awb-order-small:0;--awb-spacing-right-small:1.92%;--awb-spacing-left-small:1.92%;\"><div class=\"fusion-column-wrapper fusion-column-has-shadow fusion-flex-justify-content-flex-start fusion-content-layout-column\"><div class=\"fusion-title title fusion-title-4 fusion-sep-none fusion-title-center fusion-title-text fusion-title-size-three\" style=\"--awb-text-color:var(--awb-color4);\"><h3 class=\"title-heading-center\" style=\"margin:0;\">Solicit\u0103 mai multe informa\u0163ii f\u0103r\u0103 <span class=\"sottolineatogiallo\">nici o obliga\u0163ie!<\/span><\/h3><\/div><div class=\"fusion-text fusion-text-5\" style=\"--awb-content-alignment:center;\"><p>\u00ce\u0163i vom r\u0103spunde c\u00e2t mai cur\u00e2nd posibil \u0219i \u00eempreun\u0103 cu tine vom \u00een\u021belege strada de urmat pentru a deschide sau consolida societatea ta \u00een \u0163ar\u0103 \u015fi \u00een str\u0103in\u0103tate!<\/p>\n<\/div>\n<div class=\"wpcf7 no-js\" id=\"wpcf7-f1033-o1\" lang=\"ro-RO\" dir=\"ltr\">\n<div class=\"screen-reader-response\"><p role=\"status\" aria-live=\"polite\" aria-atomic=\"true\"><\/p> <ul><\/ul><\/div>\n<form action=\"\/ro\/wp-json\/wp\/v2\/pages\/125#wpcf7-f1033-o1\" method=\"post\" class=\"wpcf7-form init\" aria-label=\"Formular de contact\" novalidate=\"novalidate\" data-status=\"init\">\n<div style=\"display: none;\">\n<input type=\"hidden\" name=\"_wpcf7\" value=\"1033\" \/>\n<input type=\"hidden\" name=\"_wpcf7_version\" value=\"5.7.6\" \/>\n<input type=\"hidden\" name=\"_wpcf7_locale\" value=\"ro_RO\" \/>\n<input type=\"hidden\" name=\"_wpcf7_unit_tag\" value=\"wpcf7-f1033-o1\" \/>\n<input type=\"hidden\" name=\"_wpcf7_container_post\" value=\"0\" \/>\n<input type=\"hidden\" name=\"_wpcf7_posted_data_hash\" value=\"\" \/>\n<input type=\"hidden\" name=\"_wpcf7_recaptcha_response\" value=\"\" \/>\n<\/div>\n<div class=\"form-contatti\">\n\t<div class=\"col-md-6 col-xs-12\">\n\t\t<p><span class=\"wpcf7-form-control-wrap\" data-name=\"your-name\"><input size=\"40\" class=\"wpcf7-form-control wpcf7-text wpcf7-validates-as-required\" aria-required=\"true\" aria-invalid=\"false\" placeholder=\"Nume*\" value=\"\" type=\"text\" name=\"your-name\" \/><\/span>\n\t\t<\/p>\n\t<\/div>\n\t<div class=\"col-md-6 col-xs-12\">\n\t\t<p><span class=\"wpcf7-form-control-wrap\" data-name=\"cognome\"><input size=\"40\" class=\"wpcf7-form-control wpcf7-text wpcf7-validates-as-required\" aria-required=\"true\" aria-invalid=\"false\" placeholder=\"Prenume*\" value=\"\" type=\"text\" name=\"cognome\" \/><\/span>\n\t\t<\/p>\n\t<\/div>\n\t<div class=\"col-md-6 col-xs-12\">\n\t\t<p><span class=\"wpcf7-form-control-wrap\" data-name=\"tel-577\"><input size=\"40\" class=\"wpcf7-form-control wpcf7-text wpcf7-tel wpcf7-validates-as-required wpcf7-validates-as-tel\" aria-required=\"true\" aria-invalid=\"false\" placeholder=\"Telefon*\" value=\"\" type=\"tel\" name=\"tel-577\" \/><\/span>\n\t\t<\/p>\n\t<\/div>\n\t<div class=\"col-md-6 col-xs-12\">\n\t\t<p><span class=\"wpcf7-form-control-wrap\" data-name=\"your-email\"><input size=\"40\" class=\"wpcf7-form-control wpcf7-text wpcf7-email wpcf7-validates-as-required wpcf7-validates-as-email\" aria-required=\"true\" aria-invalid=\"false\" placeholder=\"E-mail*\" value=\"\" type=\"email\" name=\"your-email\" \/><\/span>\n\t\t<\/p>\n\t<\/div>\n\t<div class=\"col-md-12 col-xs-12\">\n\t\t<p><span class=\"wpcf7-form-control-wrap\" data-name=\"text-922\"><input size=\"40\" class=\"wpcf7-form-control wpcf7-text\" aria-invalid=\"false\" placeholder=\"Societate*\" value=\"\" type=\"text\" name=\"text-922\" \/><\/span>\n\t\t<\/p>\n\t<\/div>\n\t<div class=\"col-md-12 col-xs-12\">\n\t\t<p><span class=\"wpcf7-form-control-wrap\" data-name=\"your-message\"><textarea cols=\"40\" rows=\"10\" class=\"wpcf7-form-control wpcf7-textarea wpcf7-validates-as-required\" aria-required=\"true\" aria-invalid=\"false\" placeholder=\"Mesaj*\" name=\"your-message\"><\/textarea><\/span>\n\t\t<\/p>\n\t<\/div>\n\t<p><span class=\"wpcf7-form-control-wrap\" data-name=\"acceptance-977\"><span class=\"wpcf7-form-control wpcf7-acceptance\"><span class=\"wpcf7-list-item\"><input type=\"checkbox\" name=\"acceptance-977\" value=\"1\" aria-invalid=\"false\" \/><\/span><\/span><\/span><span class=\"privacy\" style=\"font-size: 12px\">Declar c\u0103 am citit <a href=\"\/ru\/privacy\/\" target=\"_blank\">politica de confiden\u021bialitate<\/a> \u0219i sunt de acord cu prelucrarea datelor furnizate*<\/span>\n\t<\/p>\n<input class=\"wpcf7-form-control wpcf7-hidden\" value=\"Form contatti RO\" type=\"hidden\" name=\"nome_obbiettivo_analytics\" \/>\n<input class=\"wpcf7-form-control wpcf7-hidden\" value=\"http:\/\/www.kwforester.ro\" type=\"hidden\" name=\"nome_dominio\" \/>\n\t<p><input class=\"wpcf7-form-control has-spinner wpcf7-submit\" type=\"submit\" value=\"TRIMITE\" \/>\n\t<\/p>\n<\/div><div class=\"fusion-alert alert custom alert-custom fusion-alert-center wpcf7-response-output alert-dismissable\" style=\"--awb-border-size:1px;\" role=\"alert\"><div class=\"fusion-alert-content-wrapper\"><span class=\"fusion-alert-content\"><\/span><\/div><button type=\"button\" class=\"close toggle-alert\" data-dismiss=\"alert\" aria-label=\"Close\">&times;<\/button><\/div>\n<\/form>\n<\/div>\n<\/div><\/div><\/div><\/div><\/p>\n","protected":false},"excerpt":{"rendered":"","protected":false},"author":2,"featured_media":0,"parent":0,"menu_order":0,"comment_status":"closed","ping_status":"closed","template":"100-width.php","meta":{"_monsterinsights_skip_tracking":false,"_monsterinsights_sitenote_active":false,"_monsterinsights_sitenote_note":"","_monsterinsights_sitenote_category":0,"_expiration-date-status":"","_expiration-date":0,"_expiration-date-type":"","_expiration-date-categories":[],"_expiration-date-options":[]},"acf":[],"yoast_head":"<!-- This site is optimized with the Yoast SEO plugin v20.7 - https:\/\/yoast.com\/wordpress\/plugins\/seo\/ -->\n<title>Consultan\u0163\u0103 juridic\u0103 \u015fi \u00een dreptul muncii - KW Forester<\/title>\n<meta name=\"robots\" content=\"index, follow, max-snippet:-1, max-image-preview:large, max-video-preview:-1\" \/>\n<link rel=\"canonical\" href=\"https:\/\/www.kwforester.ro\/ro\/consultanta-juridica-si-in-dreptul-muncii\/\" \/>\n<meta property=\"og:locale\" content=\"ro_RO\" \/>\n<meta property=\"og:type\" content=\"article\" \/>\n<meta property=\"og:title\" content=\"Consultan\u0163\u0103 juridic\u0103 \u015fi \u00een dreptul muncii - KW Forester\" \/>\n<meta property=\"og:url\" content=\"https:\/\/www.kwforester.ro\/ro\/consultanta-juridica-si-in-dreptul-muncii\/\" \/>\n<meta property=\"og:site_name\" content=\"KW Forester\" \/>\n<meta property=\"article:modified_time\" content=\"2022-12-01T09:07:30+00:00\" \/>\n<meta property=\"og:image\" content=\"http:\/\/www.kwforester.ro\/wp-content\/uploads\/2022\/11\/consulenza-legale-romania.jpg\" \/>\n<meta name=\"twitter:card\" content=\"summary_large_image\" \/>\n<meta name=\"twitter:label1\" content=\"Timp estimat pentru citire\" \/>\n\t<meta name=\"twitter:data1\" content=\"11 minute\" \/>\n<script type=\"application\/ld+json\" class=\"yoast-schema-graph\">{\"@context\":\"https:\/\/schema.org\",\"@graph\":[{\"@type\":\"WebPage\",\"@id\":\"https:\/\/www.kwforester.ro\/ro\/consultanta-juridica-si-in-dreptul-muncii\/\",\"url\":\"https:\/\/www.kwforester.ro\/ro\/consultanta-juridica-si-in-dreptul-muncii\/\",\"name\":\"Consultan\u0163\u0103 juridic\u0103 \u015fi \u00een dreptul muncii - KW Forester\",\"isPartOf\":{\"@id\":\"https:\/\/www.kwforester.ro\/ro\/#website\"},\"datePublished\":\"2022-07-28T10:46:45+00:00\",\"dateModified\":\"2022-12-01T09:07:30+00:00\",\"breadcrumb\":{\"@id\":\"https:\/\/www.kwforester.ro\/ro\/consultanta-juridica-si-in-dreptul-muncii\/#breadcrumb\"},\"inLanguage\":\"ro-RO\",\"potentialAction\":[{\"@type\":\"ReadAction\",\"target\":[\"https:\/\/www.kwforester.ro\/ro\/consultanta-juridica-si-in-dreptul-muncii\/\"]}]},{\"@type\":\"BreadcrumbList\",\"@id\":\"https:\/\/www.kwforester.ro\/ro\/consultanta-juridica-si-in-dreptul-muncii\/#breadcrumb\",\"itemListElement\":[{\"@type\":\"ListItem\",\"position\":1,\"name\":\"Home\",\"item\":\"https:\/\/www.kwforester.ro\/ro\/\"},{\"@type\":\"ListItem\",\"position\":2,\"name\":\"Consultan\u0163\u0103 juridic\u0103 \u015fi \u00een dreptul muncii\"}]},{\"@type\":\"WebSite\",\"@id\":\"https:\/\/www.kwforester.ro\/ro\/#website\",\"url\":\"https:\/\/www.kwforester.ro\/ro\/\",\"name\":\"KW Forester\",\"description\":\"Business consulting for Italian activities in Romania\",\"potentialAction\":[{\"@type\":\"SearchAction\",\"target\":{\"@type\":\"EntryPoint\",\"urlTemplate\":\"https:\/\/www.kwforester.ro\/ro\/?s={search_term_string}\"},\"query-input\":\"required name=search_term_string\"}],\"inLanguage\":\"ro-RO\"}]}<\/script>\n<!-- \/ Yoast SEO plugin. -->","yoast_head_json":{"title":"Consultan\u0163\u0103 juridic\u0103 \u015fi \u00een dreptul muncii - KW Forester","robots":{"index":"index","follow":"follow","max-snippet":"max-snippet:-1","max-image-preview":"max-image-preview:large","max-video-preview":"max-video-preview:-1"},"canonical":"https:\/\/www.kwforester.ro\/ro\/consultanta-juridica-si-in-dreptul-muncii\/","og_locale":"ro_RO","og_type":"article","og_title":"Consultan\u0163\u0103 juridic\u0103 \u015fi \u00een dreptul muncii - KW Forester","og_url":"https:\/\/www.kwforester.ro\/ro\/consultanta-juridica-si-in-dreptul-muncii\/","og_site_name":"KW Forester","article_modified_time":"2022-12-01T09:07:30+00:00","og_image":[{"url":"http:\/\/www.kwforester.ro\/wp-content\/uploads\/2022\/11\/consulenza-legale-romania.jpg"}],"twitter_card":"summary_large_image","twitter_misc":{"Timp estimat pentru citire":"11 minute"},"schema":{"@context":"https:\/\/schema.org","@graph":[{"@type":"WebPage","@id":"https:\/\/www.kwforester.ro\/ro\/consultanta-juridica-si-in-dreptul-muncii\/","url":"https:\/\/www.kwforester.ro\/ro\/consultanta-juridica-si-in-dreptul-muncii\/","name":"Consultan\u0163\u0103 juridic\u0103 \u015fi \u00een dreptul muncii - KW Forester","isPartOf":{"@id":"https:\/\/www.kwforester.ro\/ro\/#website"},"datePublished":"2022-07-28T10:46:45+00:00","dateModified":"2022-12-01T09:07:30+00:00","breadcrumb":{"@id":"https:\/\/www.kwforester.ro\/ro\/consultanta-juridica-si-in-dreptul-muncii\/#breadcrumb"},"inLanguage":"ro-RO","potentialAction":[{"@type":"ReadAction","target":["https:\/\/www.kwforester.ro\/ro\/consultanta-juridica-si-in-dreptul-muncii\/"]}]},{"@type":"BreadcrumbList","@id":"https:\/\/www.kwforester.ro\/ro\/consultanta-juridica-si-in-dreptul-muncii\/#breadcrumb","itemListElement":[{"@type":"ListItem","position":1,"name":"Home","item":"https:\/\/www.kwforester.ro\/ro\/"},{"@type":"ListItem","position":2,"name":"Consultan\u0163\u0103 juridic\u0103 \u015fi \u00een dreptul muncii"}]},{"@type":"WebSite","@id":"https:\/\/www.kwforester.ro\/ro\/#website","url":"https:\/\/www.kwforester.ro\/ro\/","name":"KW Forester","description":"Business consulting for Italian activities in Romania","potentialAction":[{"@type":"SearchAction","target":{"@type":"EntryPoint","urlTemplate":"https:\/\/www.kwforester.ro\/ro\/?s={search_term_string}"},"query-input":"required name=search_term_string"}],"inLanguage":"ro-RO"}]}},"_links":{"self":[{"href":"https:\/\/www.kwforester.ro\/ro\/wp-json\/wp\/v2\/pages\/125"}],"collection":[{"href":"https:\/\/www.kwforester.ro\/ro\/wp-json\/wp\/v2\/pages"}],"about":[{"href":"https:\/\/www.kwforester.ro\/ro\/wp-json\/wp\/v2\/types\/page"}],"author":[{"embeddable":true,"href":"https:\/\/www.kwforester.ro\/ro\/wp-json\/wp\/v2\/users\/2"}],"replies":[{"embeddable":true,"href":"https:\/\/www.kwforester.ro\/ro\/wp-json\/wp\/v2\/comments?post=125"}],"version-history":[{"count":6,"href":"https:\/\/www.kwforester.ro\/ro\/wp-json\/wp\/v2\/pages\/125\/revisions"}],"predecessor-version":[{"id":1098,"href":"https:\/\/www.kwforester.ro\/ro\/wp-json\/wp\/v2\/pages\/125\/revisions\/1098"}],"wp:attachment":[{"href":"https:\/\/www.kwforester.ro\/ro\/wp-json\/wp\/v2\/media?parent=125"}],"curies":[{"name":"wp","href":"https:\/\/api.w.org\/{rel}","templated":true}]}}