{"id":161,"date":"2022-07-28T15:08:12","date_gmt":"2022-07-28T13:08:12","guid":{"rendered":"https:\/\/kwforester.kinsta.cloud\/?page_id=161"},"modified":"2022-12-01T10:07:17","modified_gmt":"2022-12-01T09:07:17","slug":"investitii-joint-venture","status":"publish","type":"page","link":"https:\/\/www.kwforester.ro\/ro\/investitii-joint-venture\/","title":{"rendered":"Investi\u0163ii &#038; joint\u2013venture"},"content":{"rendered":"<p><div class=\"fusion-fullwidth fullwidth-box fusion-builder-row-1 fusion-flex-container nonhundred-percent-fullwidth non-hundred-percent-height-scrolling\" style=\"--awb-border-radius-top-left:0px;--awb-border-radius-top-right:0px;--awb-border-radius-bottom-right:0px;--awb-border-radius-bottom-left:0px;--awb-padding-top:2%;--awb-padding-bottom:2%;--awb-margin-bottom:2%;--awb-background-color:var(--awb-color2);\" ><div class=\"fusion-builder-row fusion-row fusion-flex-align-items-flex-start\" style=\"max-width:1248px;margin-left: calc(-4% \/ 2 );margin-right: calc(-4% \/ 2 );\"><div class=\"fusion-layout-column fusion_builder_column fusion-builder-column-0 fusion_builder_column_1_5 1_5 fusion-flex-column fusion-flex-align-self-center centoa900 icoservizio\" style=\"--awb-bg-size:cover;--awb-width-large:20%;--awb-margin-top-large:0px;--awb-spacing-right-large:9.6%;--awb-margin-bottom-large:20px;--awb-spacing-left-large:9.6%;--awb-width-medium:20%;--awb-order-medium:0;--awb-spacing-right-medium:9.6%;--awb-spacing-left-medium:9.6%;--awb-width-small:100%;--awb-order-small:0;--awb-spacing-right-small:1.92%;--awb-spacing-left-small:1.92%;\"><div class=\"fusion-column-wrapper fusion-column-has-shadow fusion-flex-justify-content-center fusion-content-layout-column\"><div class=\"fusion-image-element \" style=\"--awb-caption-title-font-family:var(--h2_typography-font-family);--awb-caption-title-font-weight:var(--h2_typography-font-weight);--awb-caption-title-font-style:var(--h2_typography-font-style);--awb-caption-title-size:var(--h2_typography-font-size);--awb-caption-title-transform:var(--h2_typography-text-transform);--awb-caption-title-line-height:var(--h2_typography-line-height);--awb-caption-title-letter-spacing:var(--h2_typography-letter-spacing);\"><span class=\" fusion-imageframe imageframe-none imageframe-1 hover-type-none\" class=\"image-magnify\" class=\"image-scroll\"><img decoding=\"async\" width=\"600\" height=\"600\" title=\"investimenti-joint-venture\" src=\"http:\/\/www.kwforester.ro\/wp-content\/uploads\/2022\/09\/investimenti-joint-venture-1.png\" alt class=\"img-responsive wp-image-545\" srcset=\"https:\/\/www.kwforester.ro\/wp-content\/uploads\/2022\/09\/investimenti-joint-venture-1-200x200.png 200w, https:\/\/www.kwforester.ro\/wp-content\/uploads\/2022\/09\/investimenti-joint-venture-1-400x400.png 400w, https:\/\/www.kwforester.ro\/wp-content\/uploads\/2022\/09\/investimenti-joint-venture-1.png 600w\" sizes=\"(max-width: 640px) 100vw, 200px\" \/><\/span><\/div><\/div><\/div><div class=\"fusion-layout-column fusion_builder_column fusion-builder-column-1 fusion_builder_column_4_5 4_5 fusion-flex-column fusion-flex-align-self-center centoa900\" style=\"--awb-bg-size:cover;--awb-width-large:80%;--awb-margin-top-large:0px;--awb-spacing-right-large:2.4%;--awb-margin-bottom-large:0px;--awb-spacing-left-large:2.4%;--awb-width-medium:80%;--awb-order-medium:0;--awb-spacing-right-medium:2.4%;--awb-spacing-left-medium:2.4%;--awb-width-small:100%;--awb-order-small:0;--awb-spacing-right-small:1.92%;--awb-spacing-left-small:1.92%;\"><div class=\"fusion-column-wrapper fusion-column-has-shadow fusion-flex-justify-content-center fusion-content-layout-column\"><div class=\"fusion-title title fusion-title-1 fusion-sep-none fusion-title-text fusion-title-size-one\" style=\"--awb-text-color:var(--awb-color4);--awb-margin-top:0px;--awb-margin-bottom:0px;--awb-font-size:30px;\"><h1 class=\"title-heading-left\" style=\"margin:0;font-size:1em;\">INVESTI\u0162II &amp; JOINT\u2013VENTURE<\/h1><\/div><div class=\"fusion-text fusion-text-1\"><p>Pentru investi\u021bii de succes este necesar\u0103 cunoa\u0219terea aprofundat\u0103 a aspectelor fiscale, juridice \u0219i de dreptul muncii ale pie\u021bei de interes. Profesioni\u0219tii no\u0219tri te vor sprijini \u00een consultan\u021b\u0103 \u00een materie de investi\u021bii \u0219i \u00een gestiunea unei joint-venture.<\/p>\n<ul class=\"elencospunte check02\">\n<li>Analiza pie\u0163ei<\/li>\n<li>Evaluarea riscului societ\u0103\u0163ii<\/li>\n<li>Stabilirea unei strategii de succes<\/li>\n<\/ul>\n<\/div><\/div><\/div><\/div><\/div><div class=\"fusion-fullwidth fullwidth-box fusion-builder-row-2 fusion-flex-container news_seo nonhundred-percent-fullwidth non-hundred-percent-height-scrolling\" style=\"--awb-border-radius-top-left:0px;--awb-border-radius-top-right:0px;--awb-border-radius-bottom-right:0px;--awb-border-radius-bottom-left:0px;--awb-margin-bottom:2%;\" ><div class=\"fusion-builder-row fusion-row fusion-flex-align-items-flex-start\" style=\"max-width:1248px;margin-left: calc(-4% \/ 2 );margin-right: calc(-4% \/ 2 );\"><div class=\"fusion-layout-column fusion_builder_column fusion-builder-column-2 fusion_builder_column_1_1 1_1 fusion-flex-column\" style=\"--awb-bg-size:cover;--awb-width-large:100%;--awb-margin-top-large:0px;--awb-spacing-right-large:1.92%;--awb-margin-bottom-large:20px;--awb-spacing-left-large:1.92%;--awb-width-medium:100%;--awb-order-medium:0;--awb-spacing-right-medium:1.92%;--awb-spacing-left-medium:1.92%;--awb-width-small:100%;--awb-order-small:0;--awb-spacing-right-small:1.92%;--awb-spacing-left-small:1.92%;\"><div class=\"fusion-column-wrapper fusion-column-has-shadow fusion-flex-justify-content-flex-start fusion-content-layout-column\"><div class=\"fusion-text fusion-text-2\"><pre><img decoding=\"async\" class=\"wp-image-839 size-full alignright\" src=\"http:\/\/www.kwforester.ro\/wp-content\/uploads\/2022\/11\/consulenza-investimenti-romania.jpg\" alt=\"Consulenza per aprire societ\u00e0 o joint venture in romania\" width=\"900\" height=\"600\" srcset=\"https:\/\/www.kwforester.ro\/wp-content\/uploads\/2022\/11\/consulenza-investimenti-romania-200x133.jpg 200w, https:\/\/www.kwforester.ro\/wp-content\/uploads\/2022\/11\/consulenza-investimenti-romania-300x200.jpg 300w, https:\/\/www.kwforester.ro\/wp-content\/uploads\/2022\/11\/consulenza-investimenti-romania-400x267.jpg 400w, https:\/\/www.kwforester.ro\/wp-content\/uploads\/2022\/11\/consulenza-investimenti-romania-600x400.jpg 600w, https:\/\/www.kwforester.ro\/wp-content\/uploads\/2022\/11\/consulenza-investimenti-romania-768x512.jpg 768w, https:\/\/www.kwforester.ro\/wp-content\/uploads\/2022\/11\/consulenza-investimenti-romania-800x533.jpg 800w, https:\/\/www.kwforester.ro\/wp-content\/uploads\/2022\/11\/consulenza-investimenti-romania.jpg 900w\" sizes=\"(max-width: 900px) 100vw, 900px\" \/><\/pre>\n<h2><strong>Dezvolt\u0103m strategia de interna\u0163ionalizare a companiei tale<\/strong><\/h2>\n<p><strong>P\u0103trunderea pe pie\u021bele externe<\/strong> reprezint\u0103 o ac\u021biune cu o <strong>strategie bine definit\u0103<\/strong>, <strong>cu obiective clare<\/strong> de atins \u0219i cu <strong>o excelent\u0103 cunoa\u0219tere a pie\u021bei externe<\/strong>.<\/p>\n<p>\u00cen aceast\u0103 etap\u0103 a <strong>procesului de interna\u0163ionalizare<\/strong>, profesioni\u015ftii no\u015ftri ofer\u0103 suport de specialitate clientului, suport care porne\u015fte de la <strong>Analiza de \u0163ar\u0103<\/strong> cu toate particularit\u0103\u0163ile ei, cu accent pe aspectele fiscale, legale \u015fi din dreptul muncii, la elaborarea <strong>Studiilor de Fezabilitate<\/strong> eviden\u0163iind eventualele aspecte de criticitate ale investi\u0163iei \u015fi p\u00e2n\u0103 la <strong>Asisten\u0163\u0103<\/strong> calificat\u0103 <strong>pentru dezvoltarea \u015fi consolidarea activit\u0103\u0163ilor<\/strong> comerciale str\u0103ine.<\/p>\n<\/div><\/div><\/div><\/div><\/div><div class=\"fusion-fullwidth fullwidth-box fusion-builder-row-3 fusion-flex-container nonhundred-percent-fullwidth non-hundred-percent-height-scrolling\" style=\"--awb-border-radius-top-left:0px;--awb-border-radius-top-right:0px;--awb-border-radius-bottom-right:0px;--awb-border-radius-bottom-left:0px;--awb-padding-top:2%;--awb-padding-bottom:2%;--awb-margin-bottom:2%;--awb-background-color:var(--awb-color8);\" ><div class=\"fusion-builder-row fusion-row fusion-flex-align-items-flex-start fusion-flex-justify-content-center\" style=\"max-width:1248px;margin-left: calc(-4% \/ 2 );margin-right: calc(-4% \/ 2 );\"><div class=\"fusion-layout-column fusion_builder_column fusion-builder-column-3 fusion_builder_column_4_5 4_5 fusion-flex-column\" style=\"--awb-bg-size:cover;--awb-width-large:80%;--awb-margin-top-large:0px;--awb-spacing-right-large:2.4%;--awb-margin-bottom-large:20px;--awb-spacing-left-large:2.4%;--awb-width-medium:80%;--awb-order-medium:0;--awb-spacing-right-medium:2.4%;--awb-spacing-left-medium:2.4%;--awb-width-small:100%;--awb-order-small:0;--awb-spacing-right-small:1.92%;--awb-spacing-left-small:1.92%;\"><div class=\"fusion-column-wrapper fusion-column-has-shadow fusion-flex-justify-content-flex-start fusion-content-layout-column\"><div class=\"fusion-title title fusion-title-2 fusion-sep-none fusion-title-center fusion-title-text fusion-title-size-three\" style=\"--awb-text-color:var(--awb-color4);\"><h3 class=\"title-heading-center\" style=\"margin:0;text-transform:uppercase;line-height:1.4;\">Principalele activit\u0103\u0163i legate de <strong>investi\u0163ii \u015fi joint \u2013 venture<\/strong> se refer\u0103 la:<\/h3><\/div><\/div><\/div><div class=\"fusion-layout-column fusion_builder_column fusion-builder-column-4 fusion_builder_column_1_1 1_1 fusion-flex-column\" style=\"--awb-bg-size:cover;--awb-width-large:100%;--awb-margin-top-large:0px;--awb-spacing-right-large:1.92%;--awb-margin-bottom-large:20px;--awb-spacing-left-large:1.92%;--awb-width-medium:100%;--awb-order-medium:0;--awb-spacing-right-medium:1.92%;--awb-spacing-left-medium:1.92%;--awb-width-small:100%;--awb-order-small:0;--awb-spacing-right-small:1.92%;--awb-spacing-left-small:1.92%;\"><div class=\"fusion-column-wrapper fusion-column-has-shadow fusion-flex-justify-content-flex-start fusion-content-layout-column\"><div class=\"fusion-text fusion-text-3\"><ul class=\"duecolonne\">\n<li><strong>Due diligence<\/strong> pentru achizi\u0163ii<\/li>\n<li>\u00cenfiin\u0163are societ\u0103\u0163i de <strong>drept na\u0163ional<\/strong><\/li>\n<li>Deschidere <strong>puncte de lucru<\/strong>, filiale, sucursale sau reprezentan\u0163e<\/li>\n<li><strong>Fuziuni transfrontaliere<\/strong> sau inverse prin absorb\u0163ie<\/li>\n<li><strong>Diviz\u0103ri <\/strong>na\u0163ionale sau transfrontaliere<\/li>\n<li>\u00cenchidere punct de lucru, <strong>dizolvare societate<\/strong> cu lichidare<\/li>\n<li><strong>Evaluarea riscului fiscal<\/strong> al societ\u0103\u0163ii<\/li>\n<li><strong>Servicii administrative<\/strong>, contabilitate \u015fi gestiune resurse umane.<\/li>\n<\/ul>\n<\/div><\/div><\/div><\/div><\/div><div class=\"fusion-fullwidth fullwidth-box fusion-builder-row-4 fusion-flex-container nonhundred-percent-fullwidth non-hundred-percent-height-scrolling\" style=\"--awb-border-radius-top-left:0px;--awb-border-radius-top-right:0px;--awb-border-radius-bottom-right:0px;--awb-border-radius-bottom-left:0px;\" ><div class=\"fusion-builder-row fusion-row fusion-flex-align-items-flex-start fusion-flex-justify-content-center\" style=\"max-width:1248px;margin-left: calc(-4% \/ 2 );margin-right: calc(-4% \/ 2 );\"><div class=\"fusion-layout-column fusion_builder_column fusion-builder-column-5 fusion_builder_column_3_4 3_4 fusion-flex-column\" style=\"--awb-bg-size:cover;--awb-width-large:75%;--awb-margin-top-large:0px;--awb-spacing-right-large:2.56%;--awb-margin-bottom-large:20px;--awb-spacing-left-large:2.56%;--awb-width-medium:75%;--awb-order-medium:0;--awb-spacing-right-medium:2.56%;--awb-spacing-left-medium:2.56%;--awb-width-small:100%;--awb-order-small:0;--awb-spacing-right-small:1.92%;--awb-spacing-left-small:1.92%;\"><div class=\"fusion-column-wrapper fusion-column-has-shadow fusion-flex-justify-content-flex-start fusion-content-layout-column\"><div class=\"fusion-title title fusion-title-3 fusion-sep-none fusion-title-center fusion-title-text fusion-title-size-three\" style=\"--awb-text-color:var(--awb-color4);\"><h3 class=\"title-heading-center\" style=\"margin:0;\">Solicit\u0103 mai multe informa\u0163ii f\u0103r\u0103 <span class=\"sottolineatogiallo\">nici o obliga\u0163ie!<\/span><\/h3><\/div><div class=\"fusion-text fusion-text-4\" style=\"--awb-content-alignment:center;\"><p>\u00ce\u0163i vom r\u0103spunde c\u00e2t mai cur\u00e2nd posibil \u0219i \u00eempreun\u0103 cu tine vom \u00een\u021belege strada de urmat pentru a deschide sau consolida societatea ta \u00een \u0163ar\u0103 \u015fi \u00een str\u0103in\u0103tate!<\/p>\n<\/div>\n<div class=\"wpcf7 no-js\" id=\"wpcf7-f1033-o1\" lang=\"ro-RO\" dir=\"ltr\">\n<div class=\"screen-reader-response\"><p role=\"status\" aria-live=\"polite\" aria-atomic=\"true\"><\/p> <ul><\/ul><\/div>\n<form action=\"\/ro\/wp-json\/wp\/v2\/pages\/161#wpcf7-f1033-o1\" method=\"post\" class=\"wpcf7-form init\" aria-label=\"Formular de contact\" novalidate=\"novalidate\" data-status=\"init\">\n<div style=\"display: none;\">\n<input type=\"hidden\" name=\"_wpcf7\" value=\"1033\" \/>\n<input type=\"hidden\" name=\"_wpcf7_version\" value=\"5.7.6\" \/>\n<input type=\"hidden\" name=\"_wpcf7_locale\" value=\"ro_RO\" \/>\n<input type=\"hidden\" name=\"_wpcf7_unit_tag\" value=\"wpcf7-f1033-o1\" \/>\n<input type=\"hidden\" name=\"_wpcf7_container_post\" value=\"0\" \/>\n<input type=\"hidden\" name=\"_wpcf7_posted_data_hash\" value=\"\" \/>\n<input type=\"hidden\" name=\"_wpcf7_recaptcha_response\" value=\"\" \/>\n<\/div>\n<div class=\"form-contatti\">\n\t<div class=\"col-md-6 col-xs-12\">\n\t\t<p><span class=\"wpcf7-form-control-wrap\" data-name=\"your-name\"><input size=\"40\" class=\"wpcf7-form-control wpcf7-text wpcf7-validates-as-required\" aria-required=\"true\" aria-invalid=\"false\" placeholder=\"Nume*\" value=\"\" type=\"text\" name=\"your-name\" \/><\/span>\n\t\t<\/p>\n\t<\/div>\n\t<div class=\"col-md-6 col-xs-12\">\n\t\t<p><span class=\"wpcf7-form-control-wrap\" data-name=\"cognome\"><input size=\"40\" class=\"wpcf7-form-control wpcf7-text wpcf7-validates-as-required\" aria-required=\"true\" aria-invalid=\"false\" placeholder=\"Prenume*\" value=\"\" type=\"text\" name=\"cognome\" \/><\/span>\n\t\t<\/p>\n\t<\/div>\n\t<div class=\"col-md-6 col-xs-12\">\n\t\t<p><span class=\"wpcf7-form-control-wrap\" data-name=\"tel-577\"><input size=\"40\" class=\"wpcf7-form-control wpcf7-text wpcf7-tel wpcf7-validates-as-required wpcf7-validates-as-tel\" aria-required=\"true\" aria-invalid=\"false\" placeholder=\"Telefon*\" value=\"\" type=\"tel\" name=\"tel-577\" \/><\/span>\n\t\t<\/p>\n\t<\/div>\n\t<div class=\"col-md-6 col-xs-12\">\n\t\t<p><span class=\"wpcf7-form-control-wrap\" data-name=\"your-email\"><input size=\"40\" class=\"wpcf7-form-control wpcf7-text wpcf7-email wpcf7-validates-as-required wpcf7-validates-as-email\" aria-required=\"true\" aria-invalid=\"false\" placeholder=\"E-mail*\" value=\"\" type=\"email\" name=\"your-email\" \/><\/span>\n\t\t<\/p>\n\t<\/div>\n\t<div class=\"col-md-12 col-xs-12\">\n\t\t<p><span class=\"wpcf7-form-control-wrap\" data-name=\"text-922\"><input size=\"40\" class=\"wpcf7-form-control wpcf7-text\" aria-invalid=\"false\" placeholder=\"Societate*\" value=\"\" type=\"text\" name=\"text-922\" \/><\/span>\n\t\t<\/p>\n\t<\/div>\n\t<div class=\"col-md-12 col-xs-12\">\n\t\t<p><span class=\"wpcf7-form-control-wrap\" data-name=\"your-message\"><textarea cols=\"40\" rows=\"10\" class=\"wpcf7-form-control wpcf7-textarea wpcf7-validates-as-required\" aria-required=\"true\" aria-invalid=\"false\" placeholder=\"Mesaj*\" name=\"your-message\"><\/textarea><\/span>\n\t\t<\/p>\n\t<\/div>\n\t<p><span class=\"wpcf7-form-control-wrap\" data-name=\"acceptance-977\"><span class=\"wpcf7-form-control wpcf7-acceptance\"><span class=\"wpcf7-list-item\"><input type=\"checkbox\" name=\"acceptance-977\" value=\"1\" aria-invalid=\"false\" \/><\/span><\/span><\/span><span class=\"privacy\" style=\"font-size: 12px\">Declar c\u0103 am citit <a href=\"\/ru\/privacy\/\" target=\"_blank\">politica de confiden\u021bialitate<\/a> \u0219i sunt de acord cu prelucrarea datelor furnizate*<\/span>\n\t<\/p>\n<input class=\"wpcf7-form-control wpcf7-hidden\" value=\"Form contatti RO\" type=\"hidden\" name=\"nome_obbiettivo_analytics\" \/>\n<input class=\"wpcf7-form-control wpcf7-hidden\" value=\"http:\/\/www.kwforester.ro\" type=\"hidden\" name=\"nome_dominio\" \/>\n\t<p><input class=\"wpcf7-form-control has-spinner wpcf7-submit\" type=\"submit\" value=\"TRIMITE\" \/>\n\t<\/p>\n<\/div><div class=\"fusion-alert alert custom alert-custom fusion-alert-center wpcf7-response-output alert-dismissable\" style=\"--awb-border-size:1px;\" role=\"alert\"><div class=\"fusion-alert-content-wrapper\"><span class=\"fusion-alert-content\"><\/span><\/div><button type=\"button\" class=\"close toggle-alert\" data-dismiss=\"alert\" aria-label=\"Close\">&times;<\/button><\/div>\n<\/form>\n<\/div>\n<\/div><\/div><\/div><\/div><\/p>\n","protected":false},"excerpt":{"rendered":"","protected":false},"author":2,"featured_media":0,"parent":0,"menu_order":0,"comment_status":"closed","ping_status":"closed","template":"100-width.php","meta":{"_monsterinsights_skip_tracking":false,"_monsterinsights_sitenote_active":false,"_monsterinsights_sitenote_note":"","_monsterinsights_sitenote_category":0,"_expiration-date-status":"","_expiration-date":0,"_expiration-date-type":"","_expiration-date-categories":[],"_expiration-date-options":[]},"acf":[],"yoast_head":"<!-- This site is optimized with the Yoast SEO plugin v20.7 - https:\/\/yoast.com\/wordpress\/plugins\/seo\/ -->\n<title>Investi\u0163ii &amp; joint\u2013venture - KW Forester<\/title>\n<meta name=\"robots\" content=\"index, follow, max-snippet:-1, max-image-preview:large, max-video-preview:-1\" \/>\n<link rel=\"canonical\" href=\"https:\/\/www.kwforester.ro\/ro\/investitii-joint-venture\/\" \/>\n<meta property=\"og:locale\" content=\"ro_RO\" \/>\n<meta property=\"og:type\" content=\"article\" \/>\n<meta property=\"og:title\" content=\"Investi\u0163ii &amp; joint\u2013venture - KW Forester\" \/>\n<meta property=\"og:url\" content=\"https:\/\/www.kwforester.ro\/ro\/investitii-joint-venture\/\" \/>\n<meta property=\"og:site_name\" content=\"KW Forester\" \/>\n<meta property=\"article:modified_time\" content=\"2022-12-01T09:07:17+00:00\" \/>\n<meta property=\"og:image\" content=\"http:\/\/www.kwforester.ro\/wp-content\/uploads\/2022\/11\/consulenza-investimenti-romania.jpg\" \/>\n<meta name=\"twitter:card\" content=\"summary_large_image\" \/>\n<meta name=\"twitter:label1\" content=\"Timp estimat pentru citire\" \/>\n\t<meta name=\"twitter:data1\" content=\"10 minute\" \/>\n<script type=\"application\/ld+json\" class=\"yoast-schema-graph\">{\"@context\":\"https:\/\/schema.org\",\"@graph\":[{\"@type\":\"WebPage\",\"@id\":\"https:\/\/www.kwforester.ro\/ro\/investitii-joint-venture\/\",\"url\":\"https:\/\/www.kwforester.ro\/ro\/investitii-joint-venture\/\",\"name\":\"Investi\u0163ii & joint\u2013venture - KW Forester\",\"isPartOf\":{\"@id\":\"https:\/\/www.kwforester.ro\/ro\/#website\"},\"datePublished\":\"2022-07-28T13:08:12+00:00\",\"dateModified\":\"2022-12-01T09:07:17+00:00\",\"breadcrumb\":{\"@id\":\"https:\/\/www.kwforester.ro\/ro\/investitii-joint-venture\/#breadcrumb\"},\"inLanguage\":\"ro-RO\",\"potentialAction\":[{\"@type\":\"ReadAction\",\"target\":[\"https:\/\/www.kwforester.ro\/ro\/investitii-joint-venture\/\"]}]},{\"@type\":\"BreadcrumbList\",\"@id\":\"https:\/\/www.kwforester.ro\/ro\/investitii-joint-venture\/#breadcrumb\",\"itemListElement\":[{\"@type\":\"ListItem\",\"position\":1,\"name\":\"Home\",\"item\":\"https:\/\/www.kwforester.ro\/ro\/\"},{\"@type\":\"ListItem\",\"position\":2,\"name\":\"Investi\u0163ii &#038; joint\u2013venture\"}]},{\"@type\":\"WebSite\",\"@id\":\"https:\/\/www.kwforester.ro\/ro\/#website\",\"url\":\"https:\/\/www.kwforester.ro\/ro\/\",\"name\":\"KW Forester\",\"description\":\"Business consulting for Italian activities in Romania\",\"potentialAction\":[{\"@type\":\"SearchAction\",\"target\":{\"@type\":\"EntryPoint\",\"urlTemplate\":\"https:\/\/www.kwforester.ro\/ro\/?s={search_term_string}\"},\"query-input\":\"required name=search_term_string\"}],\"inLanguage\":\"ro-RO\"}]}<\/script>\n<!-- \/ Yoast SEO plugin. -->","yoast_head_json":{"title":"Investi\u0163ii & joint\u2013venture - KW Forester","robots":{"index":"index","follow":"follow","max-snippet":"max-snippet:-1","max-image-preview":"max-image-preview:large","max-video-preview":"max-video-preview:-1"},"canonical":"https:\/\/www.kwforester.ro\/ro\/investitii-joint-venture\/","og_locale":"ro_RO","og_type":"article","og_title":"Investi\u0163ii & joint\u2013venture - KW Forester","og_url":"https:\/\/www.kwforester.ro\/ro\/investitii-joint-venture\/","og_site_name":"KW Forester","article_modified_time":"2022-12-01T09:07:17+00:00","og_image":[{"url":"http:\/\/www.kwforester.ro\/wp-content\/uploads\/2022\/11\/consulenza-investimenti-romania.jpg"}],"twitter_card":"summary_large_image","twitter_misc":{"Timp estimat pentru citire":"10 minute"},"schema":{"@context":"https:\/\/schema.org","@graph":[{"@type":"WebPage","@id":"https:\/\/www.kwforester.ro\/ro\/investitii-joint-venture\/","url":"https:\/\/www.kwforester.ro\/ro\/investitii-joint-venture\/","name":"Investi\u0163ii & joint\u2013venture - KW Forester","isPartOf":{"@id":"https:\/\/www.kwforester.ro\/ro\/#website"},"datePublished":"2022-07-28T13:08:12+00:00","dateModified":"2022-12-01T09:07:17+00:00","breadcrumb":{"@id":"https:\/\/www.kwforester.ro\/ro\/investitii-joint-venture\/#breadcrumb"},"inLanguage":"ro-RO","potentialAction":[{"@type":"ReadAction","target":["https:\/\/www.kwforester.ro\/ro\/investitii-joint-venture\/"]}]},{"@type":"BreadcrumbList","@id":"https:\/\/www.kwforester.ro\/ro\/investitii-joint-venture\/#breadcrumb","itemListElement":[{"@type":"ListItem","position":1,"name":"Home","item":"https:\/\/www.kwforester.ro\/ro\/"},{"@type":"ListItem","position":2,"name":"Investi\u0163ii &#038; joint\u2013venture"}]},{"@type":"WebSite","@id":"https:\/\/www.kwforester.ro\/ro\/#website","url":"https:\/\/www.kwforester.ro\/ro\/","name":"KW Forester","description":"Business consulting for Italian activities in Romania","potentialAction":[{"@type":"SearchAction","target":{"@type":"EntryPoint","urlTemplate":"https:\/\/www.kwforester.ro\/ro\/?s={search_term_string}"},"query-input":"required name=search_term_string"}],"inLanguage":"ro-RO"}]}},"_links":{"self":[{"href":"https:\/\/www.kwforester.ro\/ro\/wp-json\/wp\/v2\/pages\/161"}],"collection":[{"href":"https:\/\/www.kwforester.ro\/ro\/wp-json\/wp\/v2\/pages"}],"about":[{"href":"https:\/\/www.kwforester.ro\/ro\/wp-json\/wp\/v2\/types\/page"}],"author":[{"embeddable":true,"href":"https:\/\/www.kwforester.ro\/ro\/wp-json\/wp\/v2\/users\/2"}],"replies":[{"embeddable":true,"href":"https:\/\/www.kwforester.ro\/ro\/wp-json\/wp\/v2\/comments?post=161"}],"version-history":[{"count":6,"href":"https:\/\/www.kwforester.ro\/ro\/wp-json\/wp\/v2\/pages\/161\/revisions"}],"predecessor-version":[{"id":1096,"href":"https:\/\/www.kwforester.ro\/ro\/wp-json\/wp\/v2\/pages\/161\/revisions\/1096"}],"wp:attachment":[{"href":"https:\/\/www.kwforester.ro\/ro\/wp-json\/wp\/v2\/media?parent=161"}],"curies":[{"name":"wp","href":"https:\/\/api.w.org\/{rel}","templated":true}]}}