{"id":203,"date":"2022-07-28T15:51:17","date_gmt":"2022-07-28T13:51:17","guid":{"rendered":"https:\/\/kwforester.kinsta.cloud\/?page_id=203"},"modified":"2022-11-30T17:54:43","modified_gmt":"2022-11-30T16:54:43","slug":"note-juridice","status":"publish","type":"page","link":"https:\/\/www.kwforester.ro\/ro\/note-juridice\/","title":{"rendered":"Termeni \u0219i condi\u021bii"},"content":{"rendered":"<p><div class=\"fusion-fullwidth fullwidth-box fusion-builder-row-1 fusion-flex-container nonhundred-percent-fullwidth non-hundred-percent-height-scrolling\" style=\"--awb-border-radius-top-left:0px;--awb-border-radius-top-right:0px;--awb-border-radius-bottom-right:0px;--awb-border-radius-bottom-left:0px;--awb-padding-top:2%;--awb-padding-bottom:2%;--awb-margin-bottom:2%;--awb-background-color:var(--awb-color2);\" ><div class=\"fusion-builder-row fusion-row fusion-flex-align-items-flex-start\" style=\"max-width:1248px;margin-left: calc(-4% \/ 2 );margin-right: calc(-4% \/ 2 );\"><div class=\"fusion-layout-column fusion_builder_column fusion-builder-column-0 fusion_builder_column_1_1 1_1 fusion-flex-column fusion-flex-align-self-center\" style=\"--awb-bg-size:cover;--awb-width-large:100%;--awb-margin-top-large:0px;--awb-spacing-right-large:1.92%;--awb-margin-bottom-large:0px;--awb-spacing-left-large:1.92%;--awb-width-medium:100%;--awb-order-medium:0;--awb-spacing-right-medium:1.92%;--awb-spacing-left-medium:1.92%;--awb-width-small:100%;--awb-order-small:0;--awb-spacing-right-small:1.92%;--awb-spacing-left-small:1.92%;\"><div class=\"fusion-column-wrapper fusion-column-has-shadow fusion-flex-justify-content-center fusion-content-layout-column\"><div class=\"fusion-title title fusion-title-1 fusion-sep-none fusion-title-center fusion-title-text fusion-title-size-one\" style=\"--awb-text-color:var(--awb-color4);--awb-margin-top:0px;--awb-margin-bottom:0px;--awb-font-size:30px;\"><h1 class=\"title-heading-center\" style=\"margin:0;font-size:1em;\">TERMENI \u0218I CONDI\u021aII<\/h1><\/div><\/div><\/div><\/div><\/div><div class=\"fusion-fullwidth fullwidth-box fusion-builder-row-2 fusion-flex-container nonhundred-percent-fullwidth non-hundred-percent-height-scrolling\" style=\"--awb-border-radius-top-left:0px;--awb-border-radius-top-right:0px;--awb-border-radius-bottom-right:0px;--awb-border-radius-bottom-left:0px;--awb-margin-bottom:2%;\" ><div class=\"fusion-builder-row fusion-row fusion-flex-align-items-flex-start\" style=\"max-width:1248px;margin-left: calc(-4% \/ 2 );margin-right: calc(-4% \/ 2 );\"><div class=\"fusion-layout-column fusion_builder_column fusion-builder-column-1 fusion_builder_column_1_1 1_1 fusion-flex-column\" style=\"--awb-bg-size:cover;--awb-width-large:100%;--awb-margin-top-large:0px;--awb-spacing-right-large:1.92%;--awb-margin-bottom-large:20px;--awb-spacing-left-large:1.92%;--awb-width-medium:100%;--awb-order-medium:0;--awb-spacing-right-medium:1.92%;--awb-spacing-left-medium:1.92%;--awb-width-small:100%;--awb-order-small:0;--awb-spacing-right-small:1.92%;--awb-spacing-left-small:1.92%;\"><div class=\"fusion-column-wrapper fusion-column-has-shadow fusion-flex-justify-content-flex-start fusion-content-layout-column\"><div class=\"fusion-text fusion-text-1\"><h2><strong>KWFORESTER S.R.L.<\/strong><\/h2>\n<p><strong>Termeni \u0219i condi\u021bii<\/strong><\/p>\n<p>Acest web-site apar\u021bine KWFORESTER S.R.L., cu sediul \u00een Rom\u00e2nia &#8211; Ia\u0219i, strada Dr. Savini nr. 12, bl. H2, sc. B, parter, ap. 1, cod po\u0219tal 700381, \u00eenregistrat\u0103 sub nr. J22\/3342\/2008, cod fiscal 24723242, av\u00e2nd un capital social depus de 1.500,00 RON.<\/p>\n<p>Urm\u0103torii Termeni \u0219i Condi\u021bii se refer\u0103 la site-ul <strong>www.kwforester.ro.<\/strong><\/p>\n<p>Accesul \u0219i navigarea pe site constituie acceptarea acestor termeni \u0219i a politicii de confiden\u021bialitate care ofer\u0103 detalii cu privire la prelucrarea datelor cu caracter personal.<\/p>\n<p>Con\u021binutul acestui site este protejat prin drepturi de autor \u0219i nici o parte a acestuia nu poate fi reprodus\u0103 sub nicio form\u0103 \u0219i nici utilizat\u0103 \u00een scopuri diferite, cu excep\u021bia autoriz\u0103rii explicite \u00een scris a <strong>KWFORESTER S.R.L.<\/strong><\/p>\n<p>Este posibil s\u0103 se tip\u0103reasc\u0103 sau s\u0103 se descarce textul vizibil pe site-ul web \u00een scopuri personale \u0219i necomerciale, inclusiv, dar f\u0103r\u0103 a se limita la, structura, foile de stil \u0219i codurile de program.<\/p>\n<p>Designul, specifica\u021biile \u0219i pre\u021burile pot fi modificate f\u0103r\u0103 notificare prealabil\u0103.<\/p>\n<p><strong>KWFORESTER S.R.L.<\/strong> \u00ee\u0219i declin\u0103 orice responsabilitate pentru eventualele erori \u0219i omisiuni de pe site-ul <strong>www.kwforester.ro<\/strong>, precum \u0219i pentru orice \u00eentrerupere a func\u021bionalit\u0103\u021bii acestuia, pentru imposibilitatea dvs. de a accesa site-ul, pentru costurile serviciilor de internet pe care le suporta\u021bi pentru a naviga pe site.<\/p>\n<p>\u00cen cazul \u00een care vom oferi puncte de vedere, opinii, interpret\u0103ri ale unor prevederi legale, acest lucru nu va constitui un sfat juridic sau o consiliere de orice fel. Acestea pot face doar obiectul unui contract de prest\u0103ri de servicii care va fi \u00eencheiat \u00eentre noi.<\/p>\n<p>\u00cen m\u0103sura \u00een care site-ul nostru web ofer\u0103 posibilitatea de a accesa alte site-uri web, inclusiv re\u021bele de socializare, v\u0103 recomand\u0103m s\u0103 citi\u021bi cu aten\u021bie Termenii \u0219i condi\u021biile acestora, precum \u0219i politicile de confiden\u021bialitate, deoarece nu suntem responsabili pentru func\u021bionarea acestor site-uri web, pentru m\u0103surile de securitate pe care proprietarii lor le-au implementat sau pentru informa\u021biile pe care vi le furnizeaz\u0103.<\/p>\n<p>Ne rezerv\u0103m dreptul de a dezactiva \u00een orice moment orice link c\u0103tre alte site-uri web, dac\u0103 consider\u0103m c\u0103 acest lucru este adecvat intereselor noastre.<\/p>\n<p>\u00cen cazul \u00een care ne ve\u021bi contacta folosind formularul de contact de pe site-ul nostru, este posibil s\u0103 dezv\u0103luim con\u021binutul solicit\u0103rii dumneavoastr\u0103 consilierilor no\u0219tri, dac\u0103 este necesar\u0103 contribu\u021bia acestora, sau oric\u0103rei autorit\u0103\u021bi, dac\u0103 solicitarea dumneavoastr\u0103, limba pe care o ve\u021bi folosi sau problema pe care o ve\u021bi ridica impun o astfel de dezv\u0103luire.<\/p>\n<p>Site-ul nostru web este protejat prin implementarea unor m\u0103suri de securitate adecvate. Cu toate acestea, mediul online nu este infailibil, astfel \u00eenc\u00e2t nu excludem riscul ca, prin navigarea pe site-ul nostru, dispozitivele pe care le utiliza\u021bi pentru aceast\u0103 navigare sau informa\u021biile con\u021binute \u00een acesta s\u0103 fie afectate \u00een vreun fel. Prin urmare, nu vom fi r\u0103spunz\u0103tori pentru daunele pe care le pute\u021bi suferi ca urmare a navig\u0103rii pe site-ul nostru web sau pentru func\u021bionarea necorespunz\u0103toare, discontinu\u0103 sau ne\u00eentrerupt\u0103 a acestuia.<\/p>\n<p>Legea aplicabil\u0103 acestor Termeni \u0219i Condi\u021bii este cea rom\u00e2n\u0103, iar orice litigiu, dac\u0103 nu se solu\u021bioneaz\u0103 pe cale amiabil\u0103, va fi deferit instan\u021belor de judecat\u0103 din Rom\u00e2nia.<\/p>\n<\/div><\/div><\/div><\/div><\/div><\/p>\n","protected":false},"excerpt":{"rendered":"","protected":false},"author":2,"featured_media":0,"parent":0,"menu_order":0,"comment_status":"closed","ping_status":"closed","template":"100-width.php","meta":{"_monsterinsights_skip_tracking":false,"_monsterinsights_sitenote_active":false,"_monsterinsights_sitenote_note":"","_monsterinsights_sitenote_category":0,"_expiration-date-status":"","_expiration-date":0,"_expiration-date-type":"","_expiration-date-categories":[],"_expiration-date-options":[]},"acf":[],"yoast_head":"<!-- This site is optimized with the Yoast SEO plugin v20.7 - https:\/\/yoast.com\/wordpress\/plugins\/seo\/ -->\n<title>Termeni \u0219i condi\u021bii - KW Forester<\/title>\n<meta name=\"robots\" content=\"index, follow, max-snippet:-1, max-image-preview:large, max-video-preview:-1\" \/>\n<link rel=\"canonical\" href=\"https:\/\/www.kwforester.ro\/ro\/note-juridice\/\" \/>\n<meta property=\"og:locale\" content=\"ro_RO\" \/>\n<meta property=\"og:type\" content=\"article\" \/>\n<meta property=\"og:title\" content=\"Termeni \u0219i condi\u021bii - KW Forester\" \/>\n<meta property=\"og:url\" content=\"https:\/\/www.kwforester.ro\/ro\/note-juridice\/\" \/>\n<meta property=\"og:site_name\" content=\"KW Forester\" \/>\n<meta property=\"article:modified_time\" content=\"2022-11-30T16:54:43+00:00\" \/>\n<meta name=\"twitter:card\" content=\"summary_large_image\" \/>\n<meta name=\"twitter:label1\" content=\"Timp estimat pentru citire\" \/>\n\t<meta name=\"twitter:data1\" content=\"6 minute\" \/>\n<script type=\"application\/ld+json\" class=\"yoast-schema-graph\">{\"@context\":\"https:\/\/schema.org\",\"@graph\":[{\"@type\":\"WebPage\",\"@id\":\"https:\/\/www.kwforester.ro\/ro\/note-juridice\/\",\"url\":\"https:\/\/www.kwforester.ro\/ro\/note-juridice\/\",\"name\":\"Termeni \u0219i condi\u021bii - KW Forester\",\"isPartOf\":{\"@id\":\"https:\/\/www.kwforester.ro\/ro\/#website\"},\"datePublished\":\"2022-07-28T13:51:17+00:00\",\"dateModified\":\"2022-11-30T16:54:43+00:00\",\"breadcrumb\":{\"@id\":\"https:\/\/www.kwforester.ro\/ro\/note-juridice\/#breadcrumb\"},\"inLanguage\":\"ro-RO\",\"potentialAction\":[{\"@type\":\"ReadAction\",\"target\":[\"https:\/\/www.kwforester.ro\/ro\/note-juridice\/\"]}]},{\"@type\":\"BreadcrumbList\",\"@id\":\"https:\/\/www.kwforester.ro\/ro\/note-juridice\/#breadcrumb\",\"itemListElement\":[{\"@type\":\"ListItem\",\"position\":1,\"name\":\"Home\",\"item\":\"https:\/\/www.kwforester.ro\/ro\/\"},{\"@type\":\"ListItem\",\"position\":2,\"name\":\"Termeni \u0219i condi\u021bii\"}]},{\"@type\":\"WebSite\",\"@id\":\"https:\/\/www.kwforester.ro\/ro\/#website\",\"url\":\"https:\/\/www.kwforester.ro\/ro\/\",\"name\":\"KW Forester\",\"description\":\"Business consulting for Italian activities in Romania\",\"potentialAction\":[{\"@type\":\"SearchAction\",\"target\":{\"@type\":\"EntryPoint\",\"urlTemplate\":\"https:\/\/www.kwforester.ro\/ro\/?s={search_term_string}\"},\"query-input\":\"required name=search_term_string\"}],\"inLanguage\":\"ro-RO\"}]}<\/script>\n<!-- \/ Yoast SEO plugin. -->","yoast_head_json":{"title":"Termeni \u0219i condi\u021bii - KW Forester","robots":{"index":"index","follow":"follow","max-snippet":"max-snippet:-1","max-image-preview":"max-image-preview:large","max-video-preview":"max-video-preview:-1"},"canonical":"https:\/\/www.kwforester.ro\/ro\/note-juridice\/","og_locale":"ro_RO","og_type":"article","og_title":"Termeni \u0219i condi\u021bii - KW Forester","og_url":"https:\/\/www.kwforester.ro\/ro\/note-juridice\/","og_site_name":"KW Forester","article_modified_time":"2022-11-30T16:54:43+00:00","twitter_card":"summary_large_image","twitter_misc":{"Timp estimat pentru citire":"6 minute"},"schema":{"@context":"https:\/\/schema.org","@graph":[{"@type":"WebPage","@id":"https:\/\/www.kwforester.ro\/ro\/note-juridice\/","url":"https:\/\/www.kwforester.ro\/ro\/note-juridice\/","name":"Termeni \u0219i condi\u021bii - KW Forester","isPartOf":{"@id":"https:\/\/www.kwforester.ro\/ro\/#website"},"datePublished":"2022-07-28T13:51:17+00:00","dateModified":"2022-11-30T16:54:43+00:00","breadcrumb":{"@id":"https:\/\/www.kwforester.ro\/ro\/note-juridice\/#breadcrumb"},"inLanguage":"ro-RO","potentialAction":[{"@type":"ReadAction","target":["https:\/\/www.kwforester.ro\/ro\/note-juridice\/"]}]},{"@type":"BreadcrumbList","@id":"https:\/\/www.kwforester.ro\/ro\/note-juridice\/#breadcrumb","itemListElement":[{"@type":"ListItem","position":1,"name":"Home","item":"https:\/\/www.kwforester.ro\/ro\/"},{"@type":"ListItem","position":2,"name":"Termeni \u0219i condi\u021bii"}]},{"@type":"WebSite","@id":"https:\/\/www.kwforester.ro\/ro\/#website","url":"https:\/\/www.kwforester.ro\/ro\/","name":"KW Forester","description":"Business consulting for Italian activities in Romania","potentialAction":[{"@type":"SearchAction","target":{"@type":"EntryPoint","urlTemplate":"https:\/\/www.kwforester.ro\/ro\/?s={search_term_string}"},"query-input":"required name=search_term_string"}],"inLanguage":"ro-RO"}]}},"_links":{"self":[{"href":"https:\/\/www.kwforester.ro\/ro\/wp-json\/wp\/v2\/pages\/203"}],"collection":[{"href":"https:\/\/www.kwforester.ro\/ro\/wp-json\/wp\/v2\/pages"}],"about":[{"href":"https:\/\/www.kwforester.ro\/ro\/wp-json\/wp\/v2\/types\/page"}],"author":[{"embeddable":true,"href":"https:\/\/www.kwforester.ro\/ro\/wp-json\/wp\/v2\/users\/2"}],"replies":[{"embeddable":true,"href":"https:\/\/www.kwforester.ro\/ro\/wp-json\/wp\/v2\/comments?post=203"}],"version-history":[{"count":3,"href":"https:\/\/www.kwforester.ro\/ro\/wp-json\/wp\/v2\/pages\/203\/revisions"}],"predecessor-version":[{"id":1018,"href":"https:\/\/www.kwforester.ro\/ro\/wp-json\/wp\/v2\/pages\/203\/revisions\/1018"}],"wp:attachment":[{"href":"https:\/\/www.kwforester.ro\/ro\/wp-json\/wp\/v2\/media?parent=203"}],"curies":[{"name":"wp","href":"https:\/\/api.w.org\/{rel}","templated":true}]}}