{"id":210,"date":"2022-07-28T15:52:56","date_gmt":"2022-07-28T13:52:56","guid":{"rendered":"https:\/\/kwforester.kinsta.cloud\/?page_id=210"},"modified":"2022-12-01T14:14:57","modified_gmt":"2022-12-01T13:14:57","slug":"privacy","status":"publish","type":"page","link":"https:\/\/www.kwforester.ro\/ro\/privacy\/","title":{"rendered":"Privacy"},"content":{"rendered":"<p><div class=\"fusion-fullwidth fullwidth-box fusion-builder-row-1 fusion-flex-container nonhundred-percent-fullwidth non-hundred-percent-height-scrolling\" style=\"--awb-border-radius-top-left:0px;--awb-border-radius-top-right:0px;--awb-border-radius-bottom-right:0px;--awb-border-radius-bottom-left:0px;--awb-padding-top:2%;--awb-padding-bottom:2%;--awb-margin-bottom:2%;--awb-background-color:var(--awb-color2);\" ><div class=\"fusion-builder-row fusion-row fusion-flex-align-items-flex-start\" style=\"max-width:1248px;margin-left: calc(-4% \/ 2 );margin-right: calc(-4% \/ 2 );\"><div class=\"fusion-layout-column fusion_builder_column fusion-builder-column-0 fusion_builder_column_1_1 1_1 fusion-flex-column fusion-flex-align-self-center\" style=\"--awb-bg-size:cover;--awb-width-large:100%;--awb-margin-top-large:0px;--awb-spacing-right-large:1.92%;--awb-margin-bottom-large:0px;--awb-spacing-left-large:1.92%;--awb-width-medium:100%;--awb-order-medium:0;--awb-spacing-right-medium:1.92%;--awb-spacing-left-medium:1.92%;--awb-width-small:100%;--awb-order-small:0;--awb-spacing-right-small:1.92%;--awb-spacing-left-small:1.92%;\"><div class=\"fusion-column-wrapper fusion-column-has-shadow fusion-flex-justify-content-center fusion-content-layout-column\"><div class=\"fusion-title title fusion-title-1 fusion-sep-none fusion-title-center fusion-title-text fusion-title-size-one\" style=\"--awb-text-color:var(--awb-color4);--awb-margin-top:0px;--awb-margin-bottom:0px;--awb-font-size:30px;\"><h1 class=\"title-heading-center\" style=\"margin:0;font-size:1em;\">PRIVACY POLICY<\/h1><\/div><\/div><\/div><\/div><\/div><div class=\"fusion-fullwidth fullwidth-box fusion-builder-row-2 fusion-flex-container nonhundred-percent-fullwidth non-hundred-percent-height-scrolling\" style=\"--awb-border-radius-top-left:0px;--awb-border-radius-top-right:0px;--awb-border-radius-bottom-right:0px;--awb-border-radius-bottom-left:0px;--awb-margin-bottom:2%;\" ><div class=\"fusion-builder-row fusion-row fusion-flex-align-items-flex-start\" style=\"max-width:1248px;margin-left: calc(-4% \/ 2 );margin-right: calc(-4% \/ 2 );\"><div class=\"fusion-layout-column fusion_builder_column fusion-builder-column-1 fusion_builder_column_1_1 1_1 fusion-flex-column\" style=\"--awb-bg-size:cover;--awb-width-large:100%;--awb-margin-top-large:0px;--awb-spacing-right-large:1.92%;--awb-margin-bottom-large:20px;--awb-spacing-left-large:1.92%;--awb-width-medium:100%;--awb-order-medium:0;--awb-spacing-right-medium:1.92%;--awb-spacing-left-medium:1.92%;--awb-width-small:100%;--awb-order-small:0;--awb-spacing-right-small:1.92%;--awb-spacing-left-small:1.92%;\"><div class=\"fusion-column-wrapper fusion-column-has-shadow fusion-flex-justify-content-flex-start fusion-content-layout-column\"><div class=\"fusion-text fusion-text-1\"><p>Politica de confiden\u021bialitate privind prelucrarea datelor cu caracter personal \u00een conformitate cu Regulamentul general privind protec\u021bia datelor (UE) 2016\/679<\/p>\n<p>\u00cen conformitate cu obliga\u021biile prev\u0103zute \u00een Regulamentul General privind Protec\u021bia Datelor (UE) 2016\/679 privind prelucrarea datelor cu caracter personal intrat \u00een vigoare la data de 25 mai 2018 (denumit \u00een continuare &#8222;<strong>GDPR<\/strong>&#8222;), v\u0103 inform\u0103m c\u0103 urm\u0103toarea societate <strong>KWFORESTER S.R.L.<\/strong> cu sediul \u00een <strong>Rom\u00e2nia &#8211; Ia\u0219i, strada Dr. Savini nr. 12, bl. H2, sc. B, parter, ap. 1, cod po\u0219tal 700381<\/strong> (denumit\u0103 \u00een continuare &#8222;<strong>Compania<\/strong>&#8222;) va prelucra toate datele cu caracter personal care v\u0103 privesc \u0219i care ne-au fost sau ne vor fi comunicate de c\u0103tre dumneavoastr\u0103 sau colectate din alte surse, a\u0219a cum sunt descrise \u00een prezenta Politic\u0103 de confiden\u021bialitate.<\/p>\n<p>Prelucrarea datelor cu caracter personal se va realiza cu respectarea tuturor prevederilor legale aplicabile, \u021bin\u00e2nd cont de principiile de prelucrare a datelor: transparen\u021b\u0103, legalitate, limitarea scopului, minimizarea datelor, limitarea stoc\u0103rii, integritate \u0219i confiden\u021bialitate.<\/p>\n<p><strong>A. Datele cu caracter personal \u0219i scopurile prelucr\u0103rii<\/strong><\/p>\n<p>Datele cu caracter personal pe care Societatea le poate prelucra \u00een scopurile men\u021bionate mai jos \u0219i care ar putea apar\u021bine utilizatorilor site-ului web, clien\u021bi, \u00een calitate de persoane fizice sau reprezentan\u021bilor \u0219i angaja\u021bilor clien\u021bilor, persoane juridice, ar putea fi: date colectate \u00een timpul navig\u0103rii pe site-ul web al Societ\u0103\u021bii (de ex. adresa IP, tipul de browser, tipul de dispozitiv), numele \u0219i prenumele, func\u021bia, datele de contact (adres\u0103, e-mail, num\u0103r de telefon), date de identitate (dac\u0103 sunt necesare pentru \u00eencheierea unui contract sau \u00een scopuri fiscale), cum ar fi: date de identificare personal\u0103, seria \u0219i num\u0103rul c\u0103r\u021bii de identitate, data na\u0219terii, v\u00e2rsta, orice alte informa\u021bii colectate \u00een leg\u0103tur\u0103 \u0219i \u00een func\u021bie de necesit\u0103\u021bile fiec\u0103rui scop prev\u0103zut mai jos.<\/p>\n<p>Prelucrarea datelor cu caracter personal se efectueaz\u0103 \u00een urm\u0103toarele scopuri:<\/p>\n<ol>\n<li>pentru executarea \u0219i valorificarea drepturilor ce decurg din contractele \u00eencheiate cu Societatea;<\/li>\n<li>pentru respectarea legilor \u0219i reglement\u0103rilor \u00een vigoare, \u00een special \u00een ceea ce prive\u0219te cerin\u021bele fiscale \u0219i contabile;<\/li>\n<li>pentru operarea site-ului web al Societ\u0103\u021bii \u0219i pentru a oferi acces la serviciile oferite de acesta;<\/li>\n<li>pentru furnizarea de r\u0103spunsuri la orice solicitare adresat\u0103 Societ\u0103\u021bii \u0219i pentru men\u021binerea unei bune comunic\u0103ri cu clien\u021bii \u0219i utilizatorii;<\/li>\n<li>pentru trimiterea de comunic\u0103ri de marketing direct, cu acordul utilizatorului.<\/li>\n<\/ol>\n<p>Prelucrarea datelor cu caracter personal poate consta \u00een: colectarea, \u00eenregistrarea, organizarea, structurarea, p\u0103strarea, adaptarea, modificarea, extragerea, consultarea, utilizarea, comunicarea prin transmitere, diseminare sau orice alt\u0103 form\u0103 de punere la dispozi\u021bie, compararea sau interconectarea, limitarea, \u0219tergerea sau distrugerea \u0219i se va realiza pe suport de h\u00e2rtie, pe suport de h\u00e2rtie, sau cu ajutorul calculatoarelor \u0219i dispozitivelor electronice, cu instrumente adecvate pentru a garanta siguran\u021ba \u0219i confiden\u021bialitatea datelor cu caracter personal, \u00een conformitate cu articolele 32 \u0219i urm\u0103toarele din GDPR referitoare la m\u0103surile de siguran\u021b\u0103 pentru prelucrarea datelor cu caracter personal.<\/p>\n<p><strong>B. Colectarea datelor \u0219i temeiul juridic al prelucr\u0103rii<\/strong><\/p>\n<p>Colectarea datelor este:<\/p>\n<ol>\n<li>Obligatorie pentru a \u00eendeplini obliga\u021biile impuse de lege sau de alte reglement\u0103ri obligatorii;<\/li>\n<li>Necesar\u0103 pentru derularea \u0219i continuarea rela\u021biei dintre dumneavoastr\u0103 \u0219i Societate sau pentru a r\u0103spunde la orice solicitare a persoanelor vizate.<\/li>\n<\/ol>\n<p>Datele cu caracter personal sunt prelucrate \u00een baza contractului \u00eencheiat \u00eentre Societate \u0219i clien\u021bii sau utilizatorii s\u0103i (prin acceptarea Termenilor \u0219i Condi\u021biilor site-ului), \u00een baza necesit\u0103\u021bii Societ\u0103\u021bii de a respecta prevederile legale (\u00een special cele din domeniul fiscal) sau \u00een baza consim\u021b\u0103m\u00e2ntului utilizatorilor\/clien\u021bilor pentru primirea de comunic\u0103ri de marketing direct.<\/p>\n<p>Refuzul de a furniza datele cu caracter personal men\u021bionate mai sus, chiar \u0219i din motive legitime, ar putea compromite desf\u0103\u0219urarea normal\u0103 a rela\u021biei dumneavoastr\u0103 cu Societatea noastr\u0103, ar putea conduce la imposibilitatea Societ\u0103\u021bii de a v\u0103 oferi r\u0103spunsuri la \u00eentreb\u0103rile dumneavoastr\u0103 \u0219i, \u00een plus, ar putea \u00eempiedica Societatea s\u0103 execute comenzile dumneavoastr\u0103, precum \u0219i s\u0103 efectueze serviciile solicitate \u0219i facturarea aferent\u0103.<\/p>\n<p>\u00cen cazul \u00een care prelucrarea datelor cu caracter personal se bazeaz\u0103 pe consim\u021b\u0103m\u00e2ntul dumneavoastr\u0103, retragerea acestui consim\u021b\u0103m\u00e2nt, de\u0219i este posibil\u0103 \u00een orice moment, nu va afecta legalitatea prelucr\u0103rii efectuate pe baza acestui consim\u021b\u0103m\u00e2nt \u00eenainte de retragerea acestuia.<\/p>\n<p>\u00cen special, Societatea va adopta toate m\u0103surile de siguran\u021b\u0103 tehnice, informatice, organizatorice, logistice \u0219i procedurale adecvate nivelului de risc \u00een func\u021bie de natura datelor cu caracter personal \u0219i de scopurile prelucr\u0103rii acestora.<\/p>\n<p>Procedurile aplicate garanteaz\u0103, de asemenea, c\u0103 accesul la datele cu caracter personal este permis numai persoanelor \u00eens\u0103rcinate cu tratarea acestor date \u00een numele societ\u0103\u021bii noastre.<\/p>\n<p><strong>C. Comunicarea \u0219i difuzarea datelor. <\/strong><strong>Adrese de date cu caracter personal<\/strong><\/p>\n<p>Comunicarea de date cu caracter personal c\u0103tre ter\u021bi, al\u021bii dec\u00e2t societatea, \u00een scopurile men\u021bionate la punctul A de mai sus, poate avea loc numai \u00een urm\u0103toarele circumstan\u021be:<\/p>\n<ol>\n<li>atunci c\u00e2nd o astfel de comunicare este necesar\u0103 pentru a asigura conformitatea cu legea sau cu alte norme obligatorii;<\/li>\n<li>atunci c\u00e2nd o astfel de comunicare este necesar\u0103 pentru a asigura stabilirea sau continuarea corect\u0103 a rela\u021biei de afaceri cu dumneavoastr\u0103.<\/li>\n<\/ol>\n<p>Toate datele cu caracter personal colectate \u00een scopurile men\u021bionate mai sus pot fi comunicate unor subiec\u021bi publici \u0219i priva\u021bi, persoane fizice sau juridice exclusiv \u00een scopuri comerciale pentru gestionarea bazelor de date sau a sistemelor de procesare a pl\u0103\u021bilor, inclusiv ter\u021bilor care \u00eendeplinesc sarcini specifice \u00een numele societ\u0103\u021bii noastre.<\/p>\n<p>\u00cen special, datele pot fi comunicate urm\u0103toarelor categorii: v\u00e2nz\u0103ri, institu\u021bii bancare \u0219i societ\u0103\u021bi de procesare a pl\u0103\u021bilor, firme \u0219i consultan\u021bi juridici, furnizori de servicii IT, auditori care lucreaz\u0103 cu Societatea, autorit\u0103\u021bi publice sau administra\u021bii care \u00eendeplinesc sarcini legale, furnizori italieni \u0219i str\u0103ini, societ\u0103\u021bi de finan\u021bare sau de transport, ter\u021bi \u00eens\u0103rcina\u021bi cu controlul calit\u0103\u021bii fluxului de distribu\u021bie, furnizori de servicii de marketing direct, pe l\u00e2ng\u0103 celelalte societ\u0103\u021bi care fac parte din Grupul nostru.<\/p>\n<p>De asemenea, datele pot fi prelucrate, de\u0219i numai \u00een form\u0103 agregat\u0103 \u0219i anonim\u0103, \u00een scopuri statistice.<\/p>\n<p><strong>D. Transferul de date c\u0103tre \u021b\u0103ri str\u0103ine<\/strong><\/p>\n<p>\u00cen scopul strict \u0219i necesar pentru a permite rela\u021bia contractual\u0103 cu dvs., datele dvs. personale pot fi comunicate unor ter\u021bi subiec\u021bi judiciari din \u021b\u0103ri str\u0103ine, fie \u00een interiorul sau \u00een afara Uniunii Europene, \u00eentotdeauna cu respectarea normelor cuprinse \u00een art. 44 &#8211; 50 din GDPR.<\/p>\n<p><strong>E. Termenul de stocare<\/strong><\/p>\n<p>\u00cen func\u021bie de scopul prelucr\u0103rii, Societatea ar putea prelucra datele cu caracter personal pe \u00eentreaga durat\u0103 a rela\u021biei contractuale, p\u00e2n\u0103 la sesiunea de navigare, p\u00e2n\u0103 c\u00e2nd Societatea r\u0103spunde solicit\u0103rilor dumneavoastr\u0103 sau pentru termenul impus de dispozi\u021biile legale (de exemplu, \u00een domeniul fiscal), p\u00e2n\u0103 c\u00e2nd v\u0103 retrage\u021bi consim\u021b\u0103m\u00e2ntul sau p\u00e2n\u0103 c\u00e2nd este necesar pentru a proteja drepturile \u0219i interesele Societ\u0103\u021bii \u00een cazul unui dezacord \u00eentre Societate \u0219i dumneavoastr\u0103.<\/p>\n<p><strong>F. Drepturile dumneavoastr\u0103<\/strong><\/p>\n<p>\u00cen conformitate cu articolul 12 \u0219i cu articolele 15 &#8211; 22 din GDPR, ave\u021bi dreptul de a solicita, cu respectarea cerin\u021belor \u0219i \u00een limitele regulamentului men\u021bionat, s\u0103:<\/p>\n<ol>\n<li>S\u0103 ave\u021bi acces la informa\u021biile dumneavoastr\u0103 cu caracter personal<\/li>\n<li>Rectificarea datelor cu caracter personal neexacte<\/li>\n<li>\u0218terge\u021bi informa\u021biile cu caracter personal<\/li>\n<li>Restric\u021bionarea prelucr\u0103rii datelor cu caracter personal p\u00e2n\u0103 la efectuarea rectific\u0103rii acestora<\/li>\n<li>S\u0103 primeasc\u0103 o notificare \u00een cazul rectific\u0103rii, \u0219tergerii sau limit\u0103rii datelor cu caracter personal.<\/li>\n<li>Portarea datelor cu caracter personal<\/li>\n<li>Opozi\u021bia la prelucrarea datelor cu caracter personal, inclusiv \u00een ceea ce prive\u0219te procesele decizionale automatizate (inclusiv crearea de profiluri)<\/li>\n<li>Ob\u021bine\u021bi o interven\u021bie uman\u0103 din partea titularului<\/li>\n<li>Contesta\u021bi decizia<\/li>\n<li>Depune\u021bi o pl\u00e2ngere la autoritatea de supraveghere<\/li>\n<\/ol>\n<p>Pentru orice solicitare, pentru exercitarea oric\u0103ruia dintre drepturile dumneavoastr\u0103, v\u0103 pute\u021bi adresa Societ\u0103\u021bii la sediul acesteia situat \u00een <strong>Rom\u00e2nia &#8211; Ia\u0219i, strada Dr. Savini nr. 12, bl. H2, sc. B, parter, ap. 1, cod po\u0219tal 700381 sau prin e-mail<\/strong> la urm\u0103toarea adres\u0103: address: <a href=\"mailto:info@kwforester.ro\">info@kwforester.ro<\/a><\/p>\n<p><strong>G. Cookie-uri<\/strong><\/p>\n<p>Dorim s\u0103 v\u0103 inform\u0103m, \u00een plus, c\u0103 acest site utilizeaz\u0103 cookie-uri pentru a v\u0103 permite s\u0103 naviga\u021bi pe site-ul nostru \u0219i pentru o experien\u021b\u0103 \u00eembun\u0103t\u0103\u021bit\u0103 a acestuia. Pentru mai multe detalii despre cookie-urile pe care le folosim, v\u0103 rug\u0103m s\u0103 citi\u021bi <a href=\"\/ro\/cookie\/\">Politica noastr\u0103 privind cookie-urile<\/a>.<\/p>\n<p><strong>H. Consim\u021b\u0103m\u00e2ntul pentru prelucrare<\/strong><\/p>\n<p>Dorim s\u0103 v\u0103 inform\u0103m, \u00een final, c\u0103 furnizarea c\u0103tre Companie a datelor dvs. personale pentru a fi prelucrate \u00een modalit\u0103\u021bile \u0219i \u00een scopurile men\u021bionate mai sus este op\u021bional\u0103. \u00cen cazul refuzului dvs., Societatea nu va putea prelucra datele dvs. cu caracter personal \u0219i va putea s\u0103 le utilizeze doar \u00een conformitate cu obliga\u021biile definite de lege \u0219i cu poten\u021bialele consecin\u021be descrise la punctul B de mai sus.<\/p>\n<p>Prin dezv\u0103luirea datelor dvs. cu caracter personal, confirma\u021bi c\u0103 a\u021bi citit, a\u021bi \u00een\u021beles \u0219i sunte\u021bi de acord cu termenii acestei politici de confiden\u021bialitate.<\/p>\n<\/div><\/div><\/div><\/div><\/div><\/p>\n","protected":false},"excerpt":{"rendered":"","protected":false},"author":2,"featured_media":0,"parent":0,"menu_order":0,"comment_status":"closed","ping_status":"closed","template":"100-width.php","meta":{"_monsterinsights_skip_tracking":false,"_monsterinsights_sitenote_active":false,"_monsterinsights_sitenote_note":"","_monsterinsights_sitenote_category":0,"_expiration-date-status":"","_expiration-date":0,"_expiration-date-type":"","_expiration-date-categories":[],"_expiration-date-options":[]},"acf":[],"yoast_head":"<!-- This site is optimized with the Yoast SEO plugin v20.7 - https:\/\/yoast.com\/wordpress\/plugins\/seo\/ -->\n<title>Privacy - KW Forester<\/title>\n<meta name=\"robots\" content=\"index, follow, max-snippet:-1, max-image-preview:large, max-video-preview:-1\" \/>\n<link rel=\"canonical\" href=\"https:\/\/www.kwforester.ro\/ro\/privacy\/\" \/>\n<meta property=\"og:locale\" content=\"ro_RO\" \/>\n<meta property=\"og:type\" content=\"article\" \/>\n<meta property=\"og:title\" content=\"Privacy - KW Forester\" \/>\n<meta property=\"og:url\" content=\"https:\/\/www.kwforester.ro\/ro\/privacy\/\" \/>\n<meta property=\"og:site_name\" content=\"KW Forester\" \/>\n<meta property=\"article:modified_time\" content=\"2022-12-01T13:14:57+00:00\" \/>\n<meta name=\"twitter:card\" content=\"summary_large_image\" \/>\n<meta name=\"twitter:label1\" content=\"Timp estimat pentru citire\" \/>\n\t<meta name=\"twitter:data1\" content=\"10 minute\" \/>\n<script type=\"application\/ld+json\" class=\"yoast-schema-graph\">{\"@context\":\"https:\/\/schema.org\",\"@graph\":[{\"@type\":\"WebPage\",\"@id\":\"https:\/\/www.kwforester.ro\/ro\/privacy\/\",\"url\":\"https:\/\/www.kwforester.ro\/ro\/privacy\/\",\"name\":\"Privacy - KW Forester\",\"isPartOf\":{\"@id\":\"https:\/\/www.kwforester.ro\/ro\/#website\"},\"datePublished\":\"2022-07-28T13:52:56+00:00\",\"dateModified\":\"2022-12-01T13:14:57+00:00\",\"breadcrumb\":{\"@id\":\"https:\/\/www.kwforester.ro\/ro\/privacy\/#breadcrumb\"},\"inLanguage\":\"ro-RO\",\"potentialAction\":[{\"@type\":\"ReadAction\",\"target\":[\"https:\/\/www.kwforester.ro\/ro\/privacy\/\"]}]},{\"@type\":\"BreadcrumbList\",\"@id\":\"https:\/\/www.kwforester.ro\/ro\/privacy\/#breadcrumb\",\"itemListElement\":[{\"@type\":\"ListItem\",\"position\":1,\"name\":\"Home\",\"item\":\"https:\/\/www.kwforester.ro\/ro\/\"},{\"@type\":\"ListItem\",\"position\":2,\"name\":\"Privacy\"}]},{\"@type\":\"WebSite\",\"@id\":\"https:\/\/www.kwforester.ro\/ro\/#website\",\"url\":\"https:\/\/www.kwforester.ro\/ro\/\",\"name\":\"KW Forester\",\"description\":\"Business consulting for Italian activities in Romania\",\"potentialAction\":[{\"@type\":\"SearchAction\",\"target\":{\"@type\":\"EntryPoint\",\"urlTemplate\":\"https:\/\/www.kwforester.ro\/ro\/?s={search_term_string}\"},\"query-input\":\"required name=search_term_string\"}],\"inLanguage\":\"ro-RO\"}]}<\/script>\n<!-- \/ Yoast SEO plugin. -->","yoast_head_json":{"title":"Privacy - KW Forester","robots":{"index":"index","follow":"follow","max-snippet":"max-snippet:-1","max-image-preview":"max-image-preview:large","max-video-preview":"max-video-preview:-1"},"canonical":"https:\/\/www.kwforester.ro\/ro\/privacy\/","og_locale":"ro_RO","og_type":"article","og_title":"Privacy - KW Forester","og_url":"https:\/\/www.kwforester.ro\/ro\/privacy\/","og_site_name":"KW Forester","article_modified_time":"2022-12-01T13:14:57+00:00","twitter_card":"summary_large_image","twitter_misc":{"Timp estimat pentru citire":"10 minute"},"schema":{"@context":"https:\/\/schema.org","@graph":[{"@type":"WebPage","@id":"https:\/\/www.kwforester.ro\/ro\/privacy\/","url":"https:\/\/www.kwforester.ro\/ro\/privacy\/","name":"Privacy - KW Forester","isPartOf":{"@id":"https:\/\/www.kwforester.ro\/ro\/#website"},"datePublished":"2022-07-28T13:52:56+00:00","dateModified":"2022-12-01T13:14:57+00:00","breadcrumb":{"@id":"https:\/\/www.kwforester.ro\/ro\/privacy\/#breadcrumb"},"inLanguage":"ro-RO","potentialAction":[{"@type":"ReadAction","target":["https:\/\/www.kwforester.ro\/ro\/privacy\/"]}]},{"@type":"BreadcrumbList","@id":"https:\/\/www.kwforester.ro\/ro\/privacy\/#breadcrumb","itemListElement":[{"@type":"ListItem","position":1,"name":"Home","item":"https:\/\/www.kwforester.ro\/ro\/"},{"@type":"ListItem","position":2,"name":"Privacy"}]},{"@type":"WebSite","@id":"https:\/\/www.kwforester.ro\/ro\/#website","url":"https:\/\/www.kwforester.ro\/ro\/","name":"KW Forester","description":"Business consulting for Italian activities in Romania","potentialAction":[{"@type":"SearchAction","target":{"@type":"EntryPoint","urlTemplate":"https:\/\/www.kwforester.ro\/ro\/?s={search_term_string}"},"query-input":"required name=search_term_string"}],"inLanguage":"ro-RO"}]}},"_links":{"self":[{"href":"https:\/\/www.kwforester.ro\/ro\/wp-json\/wp\/v2\/pages\/210"}],"collection":[{"href":"https:\/\/www.kwforester.ro\/ro\/wp-json\/wp\/v2\/pages"}],"about":[{"href":"https:\/\/www.kwforester.ro\/ro\/wp-json\/wp\/v2\/types\/page"}],"author":[{"embeddable":true,"href":"https:\/\/www.kwforester.ro\/ro\/wp-json\/wp\/v2\/users\/2"}],"replies":[{"embeddable":true,"href":"https:\/\/www.kwforester.ro\/ro\/wp-json\/wp\/v2\/comments?post=210"}],"version-history":[{"count":5,"href":"https:\/\/www.kwforester.ro\/ro\/wp-json\/wp\/v2\/pages\/210\/revisions"}],"predecessor-version":[{"id":1107,"href":"https:\/\/www.kwforester.ro\/ro\/wp-json\/wp\/v2\/pages\/210\/revisions\/1107"}],"wp:attachment":[{"href":"https:\/\/www.kwforester.ro\/ro\/wp-json\/wp\/v2\/media?parent=210"}],"curies":[{"name":"wp","href":"https:\/\/api.w.org\/{rel}","templated":true}]}}