{"id":390,"date":"2022-09-15T17:46:35","date_gmt":"2022-09-15T15:46:35","guid":{"rendered":"https:\/\/kwforester.kinsta.cloud\/?page_id=390"},"modified":"2022-12-28T09:10:16","modified_gmt":"2022-12-28T08:10:16","slug":"se-spune-despre-noi","status":"publish","type":"page","link":"https:\/\/www.kwforester.ro\/ro\/se-spune-despre-noi\/","title":{"rendered":"Se spune despre noi"},"content":{"rendered":"<p><div class=\"fusion-fullwidth fullwidth-box fusion-builder-row-1 fusion-flex-container nonhundred-percent-fullwidth non-hundred-percent-height-scrolling\" style=\"--awb-border-radius-top-left:0px;--awb-border-radius-top-right:0px;--awb-border-radius-bottom-right:0px;--awb-border-radius-bottom-left:0px;--awb-padding-top:2%;--awb-padding-bottom:2%;--awb-margin-bottom:2%;--awb-background-color:var(--awb-color2);\" ><div class=\"fusion-builder-row fusion-row fusion-flex-align-items-flex-start\" style=\"max-width:1248px;margin-left: calc(-4% \/ 2 );margin-right: calc(-4% \/ 2 );\"><div class=\"fusion-layout-column fusion_builder_column fusion-builder-column-0 fusion_builder_column_1_1 1_1 fusion-flex-column fusion-flex-align-self-center\" style=\"--awb-bg-size:cover;--awb-width-large:100%;--awb-margin-top-large:0px;--awb-spacing-right-large:1.92%;--awb-margin-bottom-large:0px;--awb-spacing-left-large:1.92%;--awb-width-medium:100%;--awb-order-medium:0;--awb-spacing-right-medium:1.92%;--awb-spacing-left-medium:1.92%;--awb-width-small:100%;--awb-order-small:0;--awb-spacing-right-small:1.92%;--awb-spacing-left-small:1.92%;\"><div class=\"fusion-column-wrapper fusion-column-has-shadow fusion-flex-justify-content-center fusion-content-layout-column\"><div class=\"fusion-title title fusion-title-1 fusion-sep-none fusion-title-center fusion-title-text fusion-title-size-one\" style=\"--awb-text-color:var(--awb-color4);--awb-margin-top:0px;--awb-margin-bottom:0px;--awb-font-size:30px;\"><h1 class=\"title-heading-center\" style=\"margin:0;font-size:1em;\">SE SPUNE DESPRE NOI<\/h1><\/div><\/div><\/div><\/div><\/div><div class=\"fusion-fullwidth fullwidth-box fusion-builder-row-2 fusion-flex-container nonhundred-percent-fullwidth non-hundred-percent-height-scrolling\" style=\"--awb-border-radius-top-left:0px;--awb-border-radius-top-right:0px;--awb-border-radius-bottom-right:0px;--awb-border-radius-bottom-left:0px;--awb-margin-bottom:2%;\" ><div class=\"fusion-builder-row fusion-row fusion-flex-align-items-flex-start\" style=\"max-width:1248px;margin-left: calc(-4% \/ 2 );margin-right: calc(-4% \/ 2 );\"><div class=\"fusion-layout-column fusion_builder_column fusion-builder-column-1 fusion_builder_column_1_2 1_2 fusion-flex-column fusion-flex-align-self-stretch\" style=\"--awb-padding-top:20px;--awb-padding-right:20px;--awb-padding-bottom:20px;--awb-padding-left:20px;--awb-bg-color:var(--awb-color2);--awb-bg-color-hover:var(--awb-color2);--awb-bg-size:cover;--awb-width-large:50%;--awb-margin-top-large:0px;--awb-spacing-right-large:3.84%;--awb-margin-bottom-large:20px;--awb-spacing-left-large:3.84%;--awb-width-medium:50%;--awb-order-medium:0;--awb-spacing-right-medium:3.84%;--awb-spacing-left-medium:3.84%;--awb-width-small:100%;--awb-order-small:0;--awb-spacing-right-small:1.92%;--awb-spacing-left-small:1.92%;\"><div class=\"fusion-column-wrapper fusion-column-has-shadow fusion-flex-justify-content-space-between fusion-content-layout-column\"><div class=\"fusion-text fusion-text-1 fusion-text-no-margin\" style=\"--awb-margin-top:0px;--awb-margin-bottom:0px;\"><p><span style=\"color: #fcd618; font-size: 20px;\">\u2605 \u2605 \u2605 \u2605 \u2605<\/span><br \/>\nSocietatea noastr\u0103 colaboreaz\u0103 cu KW Forester &#8211; Dr. Roman de mai bine de zece ani. \u00cen acest timp, am analizat aspecte de natura fiscala, societara \u0219i resurse umane. \u00centotdeauna am apreciat competen\u021ba, profesionalismul \u0219i corectitudinea dnei Roman. \u00cen special, sensibilitatea sa \u00een medierea culturii rom\u00e2ne\u0219ti cu cea italian\u0103 a facilitat cre\u0219terea companiei noastre.<\/p>\n<\/div><div class=\"fusion-text fusion-text-2 fusion-text-no-margin\" style=\"--awb-content-alignment:right;--awb-margin-top:0px;--awb-margin-bottom:0px;\"><p><em style=\"text-align: right;\">Dr. Renzo Romagnosi<br \/>\n<\/em><span style=\"text-align: right;\">CFO &#8211; <strong>Grupul Campagnolo<\/strong><\/span><\/p>\n<\/div><\/div><\/div><div class=\"fusion-layout-column fusion_builder_column fusion-builder-column-2 fusion_builder_column_1_2 1_2 fusion-flex-column fusion-flex-align-self-stretch\" style=\"--awb-padding-top:20px;--awb-padding-right:20px;--awb-padding-bottom:20px;--awb-padding-left:20px;--awb-bg-color:var(--awb-color2);--awb-bg-color-hover:var(--awb-color2);--awb-bg-size:cover;--awb-width-large:50%;--awb-margin-top-large:0px;--awb-spacing-right-large:3.84%;--awb-margin-bottom-large:20px;--awb-spacing-left-large:3.84%;--awb-width-medium:50%;--awb-order-medium:0;--awb-spacing-right-medium:3.84%;--awb-spacing-left-medium:3.84%;--awb-width-small:100%;--awb-order-small:0;--awb-spacing-right-small:1.92%;--awb-spacing-left-small:1.92%;\"><div class=\"fusion-column-wrapper fusion-column-has-shadow fusion-flex-justify-content-space-between fusion-content-layout-column\"><div class=\"fusion-text fusion-text-3 fusion-text-no-margin\" style=\"--awb-margin-top:0px;--awb-margin-bottom:0px;\"><p><span style=\"color: #fcd618; font-size: 20px;\">\u2605 \u2605 \u2605 \u2605 \u2605<\/span><br \/>\nDe zece ani colaborez cu dna. Raluca Roman \u2013 KW Forester Rom\u00e2nia. \u00cen ace\u015fti ani am avut ocazia s\u0103-i apreciez expertiza, cuno\u0219tin\u021bele \u00een materie fiscal\u0103 \u0219i nu numai, italiene \u0219i rom\u00e2ne\u015fti, fiind mereu la curent cu nout\u0103\u0163ile. Aceste calit\u0103\u021bi profesionale, precum \u0219i capacitatea ei de a \u00een\u021belege cele dou\u0103 culturi, \u00eei permit s\u0103 g\u0103seasc\u0103 \u00eentotdeauna cea mai bun\u0103 solu\u021bie la provoc\u0103rile unei lumi \u00een continu\u0103 schimbare.<\/p>\n<\/div><div class=\"fusion-text fusion-text-4 fusion-text-no-margin\" style=\"--awb-content-alignment:right;--awb-margin-top:0px;--awb-margin-bottom:0px;\"><p><em style=\"text-align: right;\">Luca Rabbia<br \/>\n<\/em><span style=\"text-align: right;\">Leader in Manufacturing and Operations &#8211; <strong>Gold Plast Group<\/strong><\/span><\/p>\n<\/div><\/div><\/div><div class=\"fusion-layout-column fusion_builder_column fusion-builder-column-3 fusion_builder_column_1_2 1_2 fusion-flex-column fusion-flex-align-self-stretch\" style=\"--awb-padding-top:20px;--awb-padding-right:20px;--awb-padding-bottom:20px;--awb-padding-left:20px;--awb-bg-color:var(--awb-color2);--awb-bg-color-hover:var(--awb-color2);--awb-bg-size:cover;--awb-width-large:50%;--awb-margin-top-large:0px;--awb-spacing-right-large:3.84%;--awb-margin-bottom-large:20px;--awb-spacing-left-large:3.84%;--awb-width-medium:50%;--awb-order-medium:0;--awb-spacing-right-medium:3.84%;--awb-spacing-left-medium:3.84%;--awb-width-small:100%;--awb-order-small:0;--awb-spacing-right-small:1.92%;--awb-spacing-left-small:1.92%;\"><div class=\"fusion-column-wrapper fusion-column-has-shadow fusion-flex-justify-content-space-between fusion-content-layout-column\"><div class=\"fusion-text fusion-text-5 fusion-text-no-margin\" style=\"--awb-margin-top:0px;--awb-margin-bottom:0px;\"><p><span style=\"color: #fcd618; font-size: 20px;\">\u2605 \u2605 \u2605 \u2605 \u2605<\/span><br \/>\nRaluca \u0219i echipa ei m-au sus\u021binut \u00eentr-unul dintre cele mai provocatoare \u0219i complexe proiecte din cariera mea. Au reu\u0219it s\u0103-mi ofere confort \u0219i \u00eencredere, dar mai presus de toate au demonstrat c\u0103 lucrul cu partenerul potrivit poate face diferen\u021ba. Raluca este o ascult\u0103toare excelent\u0103, capabil\u0103 s\u0103 gestioneze situa\u0163iile complexe cu determinare \u015fi maxim\u0103 competen\u0163\u0103. Pe l\u00e2ng\u0103 faptul c\u0103 are o \u00een\u021belegere excelent\u0103 a proceselor, este capabil\u0103 s\u0103 lucreze cu entuziasm \u0219i profesionalism \u00een fiecare activitate. Recomand cu drag KW Forester Rom\u00e2nia.<\/p>\n<\/div><div class=\"fusion-text fusion-text-6 fusion-text-no-margin\" style=\"--awb-content-alignment:right;--awb-margin-top:0px;--awb-margin-bottom:0px;\"><p><em style=\"text-align: right;\">Horatiu Vasilescu<br \/>\n<\/em><span style=\"text-align: right;\">C.E.O. &#8211; <strong>Smart Invest INC S.R.L.<\/strong><\/span><\/p>\n<\/div><\/div><\/div><div class=\"fusion-layout-column fusion_builder_column fusion-builder-column-4 fusion_builder_column_1_2 1_2 fusion-flex-column fusion-flex-align-self-stretch\" style=\"--awb-padding-top:20px;--awb-padding-right:20px;--awb-padding-bottom:20px;--awb-padding-left:20px;--awb-bg-color:var(--awb-color2);--awb-bg-color-hover:var(--awb-color2);--awb-bg-size:cover;--awb-width-large:50%;--awb-margin-top-large:0px;--awb-spacing-right-large:3.84%;--awb-margin-bottom-large:20px;--awb-spacing-left-large:3.84%;--awb-width-medium:50%;--awb-order-medium:0;--awb-spacing-right-medium:3.84%;--awb-spacing-left-medium:3.84%;--awb-width-small:100%;--awb-order-small:0;--awb-spacing-right-small:1.92%;--awb-spacing-left-small:1.92%;\"><div class=\"fusion-column-wrapper fusion-column-has-shadow fusion-flex-justify-content-space-between fusion-content-layout-column\"><div class=\"fusion-text fusion-text-7 fusion-text-no-margin\" style=\"--awb-margin-top:0px;--awb-margin-bottom:0px;\"><p><span style=\"color: #fcd618; font-size: 20px;\">\u2605 \u2605 \u2605 \u2605 \u2605<\/span><br \/>\nAm colaborat mul\u021bi ani cu KW Forester Rom\u00e2nia \u00een rolul de Administrator delegat pe care l-am ocupat \u00een compania Mechrom Industry din Grupul Campagnolo din Vicenza. \u00cen special, colaborarea a avut loc \u00een domeniile Administrativ\/Fiscal \u0219i Dreptul Muncii cu sprijin puternic \u00een Rela\u021bii Industriale. Pot s\u0103 confirm c\u0103 a fost \u00eentotdeauna o colaborare extrem de profesionist\u0103, competent\u0103 \u0219i solid\u0103. Cu siguran\u021b\u0103 un mare ajutor.<\/p>\n<\/div><div class=\"fusion-text fusion-text-8 fusion-text-no-margin\" style=\"--awb-content-alignment:right;--awb-margin-top:0px;--awb-margin-bottom:0px;\"><p><em style=\"text-align: right;\">Francesco Giuliano<br \/>\n<\/em><span style=\"text-align: right;\">C.O.O F.I.V. &#8211; <\/span><strong style=\"text-align: right;\">Bianchi Biciclette<\/strong><\/p>\n<\/div><\/div><\/div><div class=\"fusion-layout-column fusion_builder_column fusion-builder-column-5 fusion_builder_column_1_2 1_2 fusion-flex-column fusion-flex-align-self-stretch\" style=\"--awb-padding-top:20px;--awb-padding-right:20px;--awb-padding-bottom:20px;--awb-padding-left:20px;--awb-bg-color:var(--awb-color2);--awb-bg-color-hover:var(--awb-color2);--awb-bg-size:cover;--awb-width-large:50%;--awb-margin-top-large:0px;--awb-spacing-right-large:3.84%;--awb-margin-bottom-large:20px;--awb-spacing-left-large:3.84%;--awb-width-medium:50%;--awb-order-medium:0;--awb-spacing-right-medium:3.84%;--awb-spacing-left-medium:3.84%;--awb-width-small:100%;--awb-order-small:0;--awb-spacing-right-small:1.92%;--awb-spacing-left-small:1.92%;\"><div class=\"fusion-column-wrapper fusion-column-has-shadow fusion-flex-justify-content-space-between fusion-content-layout-column\"><div class=\"fusion-text fusion-text-9 fusion-text-no-margin\" style=\"--awb-margin-top:0px;--awb-margin-bottom:0px;\"><p><span style=\"color: #fcd618; font-size: 20px;\">\u2605 \u2605 \u2605 \u2605 \u2605<\/span><br \/>\nAm \u00eenceput colaborarea cu KWForester Rom\u00e2nia \u00een rolul meu de CEO \u0219i Director General al Grupului Confezioni Andrea Italia. Am avut \u00eencredere \u00een Raluca continu\u00e2nd consultan\u021ba pentru rela\u021biile cu Rom\u00e2nia. C\u0103utam pe cineva cu experien\u0163\u0103, care s\u0103 \u00eemi transmit\u0103 \u00eencredere \u015fi \u00een care s\u0103 pot avea \u00eencredere. \u00cen figura profesional\u0103 a Raluc\u0103i, pe l\u00e2ng\u0103 profesionalism, am reu\u0219it s\u0103 g\u0103sesc \u0219i un aspect uman \u0219i personal care \u0219tie s\u0103-\u021bi asculte nevoile, deschisa la discu\u021bii pentru a te sf\u0103tui cu privire la pa\u0219ii potrivi\u021bi \u00een procesul de interna\u021bionalizare. Aspectele profesionale \u0219i personale pe care le-am \u00eent\u00e2lnit la Raluca m-au determinat s\u0103 consolidez rela\u021bia de consultan\u021b\u0103 \u0219i s\u0103 o recomand altora f\u0103r\u0103 nicio \u00eendoial\u0103.<\/p>\n<\/div><div class=\"fusion-text fusion-text-10 fusion-text-no-margin\" style=\"--awb-content-alignment:right;--awb-margin-top:0px;--awb-margin-bottom:0px;\"><p><em style=\"text-align: right;\">Stefano Crespi<br \/>\n<\/em><span style=\"text-align: right;\">General Manager &#8211; <\/span><strong style=\"text-align: right;\">Confezioni Andrea Italia<\/strong><\/p>\n<\/div><\/div><\/div><div class=\"fusion-layout-column fusion_builder_column fusion-builder-column-6 fusion_builder_column_1_2 1_2 fusion-flex-column fusion-flex-align-self-stretch\" style=\"--awb-padding-top:20px;--awb-padding-right:20px;--awb-padding-bottom:20px;--awb-padding-left:20px;--awb-bg-color:var(--awb-color2);--awb-bg-color-hover:var(--awb-color2);--awb-bg-size:cover;--awb-width-large:50%;--awb-margin-top-large:0px;--awb-spacing-right-large:3.84%;--awb-margin-bottom-large:20px;--awb-spacing-left-large:3.84%;--awb-width-medium:50%;--awb-order-medium:0;--awb-spacing-right-medium:3.84%;--awb-spacing-left-medium:3.84%;--awb-width-small:100%;--awb-order-small:0;--awb-spacing-right-small:1.92%;--awb-spacing-left-small:1.92%;\"><div class=\"fusion-column-wrapper fusion-column-has-shadow fusion-flex-justify-content-space-between fusion-content-layout-column\"><div class=\"fusion-text fusion-text-11 fusion-text-no-margin\" style=\"--awb-margin-top:0px;--awb-margin-bottom:0px;\"><p><span style=\"color: #fcd618; font-size: 20px;\">\u2605 \u2605 \u2605 \u2605 \u2605<\/span><br \/>\nSunt italian mutat \u00een Ia\u015fi de 4 ani. Mi-am \u00eenceput propria afacere aici, \u00een Rom\u00e2nia, \u0219i de la \u00eenceput, de la \u00eenfiin\u021barea Srl-ului \u015fi p\u00e2n\u0103 la activit\u0103\u021bile de management, m-a \u00eendrumat KW Forester Rom\u00e2nia. Sunt punctuali \u0219i preci\u015fi \u00een fiecare termen, dar adev\u0103rata valoare ad\u0103ugat\u0103 este consultan\u021ba lor proactiv\u0103 at\u00e2t \u00een activit\u0103\u021bi obi\u0219nuite, c\u00e2t \u0219i extraordinare. Sunt extrem de mul\u021bumit de munca lor \u0219i acum \u00eei consider parte din echipa mea \u00een afacerea mea. Nu \u00een ultimul r\u00e2nd, m\u0103 ajut\u0103 \u00een trei limbi, rom\u00e2n\u0103, italian\u0103 \u0219i englez\u0103.<\/p>\n<\/div><div class=\"fusion-text fusion-text-12 fusion-text-no-margin\" style=\"--awb-content-alignment:right;--awb-margin-top:0px;--awb-margin-bottom:0px;\"><p><em style=\"text-align: right;\">Amedeo Zullo<br \/>\n<\/em><span style=\"text-align: right;\">C.E.O. &#8211; <strong>Earth\u2019Dreams S.r.l.<\/strong><\/span><\/p>\n<\/div><\/div><\/div><div class=\"fusion-layout-column fusion_builder_column fusion-builder-column-7 fusion_builder_column_1_2 1_2 fusion-flex-column fusion-flex-align-self-stretch\" style=\"--awb-padding-top:20px;--awb-padding-right:20px;--awb-padding-bottom:20px;--awb-padding-left:20px;--awb-bg-color:var(--awb-color2);--awb-bg-color-hover:var(--awb-color2);--awb-bg-size:cover;--awb-width-large:50%;--awb-margin-top-large:0px;--awb-spacing-right-large:3.84%;--awb-margin-bottom-large:20px;--awb-spacing-left-large:3.84%;--awb-width-medium:50%;--awb-order-medium:0;--awb-spacing-right-medium:3.84%;--awb-spacing-left-medium:3.84%;--awb-width-small:100%;--awb-order-small:0;--awb-spacing-right-small:1.92%;--awb-spacing-left-small:1.92%;\"><div class=\"fusion-column-wrapper fusion-column-has-shadow fusion-flex-justify-content-space-between fusion-content-layout-column\"><div class=\"fusion-text fusion-text-13 fusion-text-no-margin\" style=\"--awb-margin-top:0px;--awb-margin-bottom:0px;\"><p><span style=\"color: #fcd618; font-size: 20px;\">\u2605 \u2605 \u2605 \u2605 \u2605<\/span><br \/>\nDe c\u00e2\u021biva ani folosesc serviciile KW Forester Rom\u00e2nia \u0219i personal m-am \u00een\u0163eles foarte bine cu ei. Dup\u0103 multe c\u0103ut\u0103ri pot spune c\u0103 nu am g\u0103sit alte firme care s\u0103 poat\u0103 concura cu aceasta, cel pu\u021bin \u00een ora\u0219ul Ia\u0219i. Profesionalismul, amabilitatea \u0219i eficien\u021ba descriu perfect KW Forester Rom\u00e2nia. Personalul este specializat, de \u00eencredere, dedicat clientului \u0219i capabil s\u0103 minimizeze barierele culturale \u0219i lingvistice. Firma are experien\u021b\u0103 \u00een diverse sectoare \u0219i, prin urmare, este capabil\u0103 s\u0103 ofere sfaturi specifice chiar \u0219i celor care nu sunt familiariza\u021bi cu limba \u0219i jurispruden\u021ba rom\u00e2n\u0103. Recomand cu drag aceast\u0103 societate oricui se mut\u0103 pe teritoriul Rom\u00e2niei \u015fi mai ales companiilor str\u0103ine.<\/p>\n<\/div><div class=\"fusion-text fusion-text-14 fusion-text-no-margin\" style=\"--awb-content-alignment:right;--awb-margin-top:0px;--awb-margin-bottom:0px;\"><p><em style=\"text-align: right;\">David G\u00f6tz<br \/>\n<\/em><span style=\"text-align: right;\">Amministratore Delegato &#8211; <strong>B4 Be-Four Srl<\/strong><\/span><\/p>\n<\/div><\/div><\/div><\/div><\/div><\/p>\n","protected":false},"excerpt":{"rendered":"","protected":false},"author":2,"featured_media":0,"parent":0,"menu_order":0,"comment_status":"closed","ping_status":"closed","template":"100-width.php","meta":{"_monsterinsights_skip_tracking":false,"_monsterinsights_sitenote_active":false,"_monsterinsights_sitenote_note":"","_monsterinsights_sitenote_category":0,"_expiration-date-status":"","_expiration-date":0,"_expiration-date-type":"","_expiration-date-categories":[],"_expiration-date-options":[]},"acf":[],"yoast_head":"<!-- This site is optimized with the Yoast SEO plugin v20.7 - https:\/\/yoast.com\/wordpress\/plugins\/seo\/ -->\n<title>Se spune despre noi - KW Forester<\/title>\n<meta name=\"robots\" content=\"index, follow, max-snippet:-1, max-image-preview:large, max-video-preview:-1\" \/>\n<link rel=\"canonical\" href=\"https:\/\/www.kwforester.ro\/ro\/se-spune-despre-noi\/\" \/>\n<meta property=\"og:locale\" content=\"ro_RO\" \/>\n<meta property=\"og:type\" content=\"article\" \/>\n<meta property=\"og:title\" content=\"Se spune despre noi - KW Forester\" \/>\n<meta property=\"og:url\" content=\"https:\/\/www.kwforester.ro\/ro\/se-spune-despre-noi\/\" \/>\n<meta property=\"og:site_name\" content=\"KW Forester\" \/>\n<meta property=\"article:modified_time\" content=\"2022-12-28T08:10:16+00:00\" \/>\n<meta name=\"twitter:card\" content=\"summary_large_image\" \/>\n<meta name=\"twitter:label1\" content=\"Timp estimat pentru citire\" \/>\n\t<meta name=\"twitter:data1\" content=\"11 minute\" \/>\n<script type=\"application\/ld+json\" class=\"yoast-schema-graph\">{\"@context\":\"https:\/\/schema.org\",\"@graph\":[{\"@type\":\"WebPage\",\"@id\":\"https:\/\/www.kwforester.ro\/ro\/se-spune-despre-noi\/\",\"url\":\"https:\/\/www.kwforester.ro\/ro\/se-spune-despre-noi\/\",\"name\":\"Se spune despre noi - KW Forester\",\"isPartOf\":{\"@id\":\"https:\/\/www.kwforester.ro\/ro\/#website\"},\"datePublished\":\"2022-09-15T15:46:35+00:00\",\"dateModified\":\"2022-12-28T08:10:16+00:00\",\"breadcrumb\":{\"@id\":\"https:\/\/www.kwforester.ro\/ro\/se-spune-despre-noi\/#breadcrumb\"},\"inLanguage\":\"ro-RO\",\"potentialAction\":[{\"@type\":\"ReadAction\",\"target\":[\"https:\/\/www.kwforester.ro\/ro\/se-spune-despre-noi\/\"]}]},{\"@type\":\"BreadcrumbList\",\"@id\":\"https:\/\/www.kwforester.ro\/ro\/se-spune-despre-noi\/#breadcrumb\",\"itemListElement\":[{\"@type\":\"ListItem\",\"position\":1,\"name\":\"Home\",\"item\":\"https:\/\/www.kwforester.ro\/ro\/\"},{\"@type\":\"ListItem\",\"position\":2,\"name\":\"Se spune despre noi\"}]},{\"@type\":\"WebSite\",\"@id\":\"https:\/\/www.kwforester.ro\/ro\/#website\",\"url\":\"https:\/\/www.kwforester.ro\/ro\/\",\"name\":\"KW Forester\",\"description\":\"Business consulting for Italian activities in Romania\",\"potentialAction\":[{\"@type\":\"SearchAction\",\"target\":{\"@type\":\"EntryPoint\",\"urlTemplate\":\"https:\/\/www.kwforester.ro\/ro\/?s={search_term_string}\"},\"query-input\":\"required name=search_term_string\"}],\"inLanguage\":\"ro-RO\"}]}<\/script>\n<!-- \/ Yoast SEO plugin. -->","yoast_head_json":{"title":"Se spune despre noi - KW Forester","robots":{"index":"index","follow":"follow","max-snippet":"max-snippet:-1","max-image-preview":"max-image-preview:large","max-video-preview":"max-video-preview:-1"},"canonical":"https:\/\/www.kwforester.ro\/ro\/se-spune-despre-noi\/","og_locale":"ro_RO","og_type":"article","og_title":"Se spune despre noi - KW Forester","og_url":"https:\/\/www.kwforester.ro\/ro\/se-spune-despre-noi\/","og_site_name":"KW Forester","article_modified_time":"2022-12-28T08:10:16+00:00","twitter_card":"summary_large_image","twitter_misc":{"Timp estimat pentru citire":"11 minute"},"schema":{"@context":"https:\/\/schema.org","@graph":[{"@type":"WebPage","@id":"https:\/\/www.kwforester.ro\/ro\/se-spune-despre-noi\/","url":"https:\/\/www.kwforester.ro\/ro\/se-spune-despre-noi\/","name":"Se spune despre noi - KW Forester","isPartOf":{"@id":"https:\/\/www.kwforester.ro\/ro\/#website"},"datePublished":"2022-09-15T15:46:35+00:00","dateModified":"2022-12-28T08:10:16+00:00","breadcrumb":{"@id":"https:\/\/www.kwforester.ro\/ro\/se-spune-despre-noi\/#breadcrumb"},"inLanguage":"ro-RO","potentialAction":[{"@type":"ReadAction","target":["https:\/\/www.kwforester.ro\/ro\/se-spune-despre-noi\/"]}]},{"@type":"BreadcrumbList","@id":"https:\/\/www.kwforester.ro\/ro\/se-spune-despre-noi\/#breadcrumb","itemListElement":[{"@type":"ListItem","position":1,"name":"Home","item":"https:\/\/www.kwforester.ro\/ro\/"},{"@type":"ListItem","position":2,"name":"Se spune despre noi"}]},{"@type":"WebSite","@id":"https:\/\/www.kwforester.ro\/ro\/#website","url":"https:\/\/www.kwforester.ro\/ro\/","name":"KW Forester","description":"Business consulting for Italian activities in Romania","potentialAction":[{"@type":"SearchAction","target":{"@type":"EntryPoint","urlTemplate":"https:\/\/www.kwforester.ro\/ro\/?s={search_term_string}"},"query-input":"required name=search_term_string"}],"inLanguage":"ro-RO"}]}},"_links":{"self":[{"href":"https:\/\/www.kwforester.ro\/ro\/wp-json\/wp\/v2\/pages\/390"}],"collection":[{"href":"https:\/\/www.kwforester.ro\/ro\/wp-json\/wp\/v2\/pages"}],"about":[{"href":"https:\/\/www.kwforester.ro\/ro\/wp-json\/wp\/v2\/types\/page"}],"author":[{"embeddable":true,"href":"https:\/\/www.kwforester.ro\/ro\/wp-json\/wp\/v2\/users\/2"}],"replies":[{"embeddable":true,"href":"https:\/\/www.kwforester.ro\/ro\/wp-json\/wp\/v2\/comments?post=390"}],"version-history":[{"count":12,"href":"https:\/\/www.kwforester.ro\/ro\/wp-json\/wp\/v2\/pages\/390\/revisions"}],"predecessor-version":[{"id":1293,"href":"https:\/\/www.kwforester.ro\/ro\/wp-json\/wp\/v2\/pages\/390\/revisions\/1293"}],"wp:attachment":[{"href":"https:\/\/www.kwforester.ro\/ro\/wp-json\/wp\/v2\/media?parent=390"}],"curies":[{"name":"wp","href":"https:\/\/api.w.org\/{rel}","templated":true}]}}